{"id":822,"date":"2021-11-19T14:06:45","date_gmt":"2021-11-19T13:06:45","guid":{"rendered":"https:\/\/www.cezarint.pl\/?post_type=product&#038;p=822"},"modified":"2021-11-19T14:06:46","modified_gmt":"2021-11-19T13:06:46","slug":"wozek-q-544","status":"publish","type":"product","link":"https:\/\/www.cezarint.pl\/en\/sklep\/kaletnictwo\/stelaze-i-kolka-do-toreb\/stelaze\/wozek-q-544\/","title":{"rendered":"W\u00f3zek Q-544"},"content":{"rendered":"<p>W\u00f3zek Q-544 sk\u0142ada si\u0119 z trzech element\u00f3w: wysuwanej r\u0105czki, k\u00f3\u0142ek oraz podstawki.<\/p>\n<p>Wysoko\u015b\u0107 z\u0142o\u017conego kompletu to 49 cm. R\u0105czka wysuwa si\u0119 na dwa razy. Po ca\u0142kowitym wysuni\u0119ciu stela\u017c ma wysoko\u015b\u0107 79cm. Podstawka ma wysuwaj\u0105cy si\u0119 element, kt\u00f3ry gwarantuje dodatkow\u0105 stabilno\u015b\u0107.<\/p>\n<p>Waga ok. 1,1 kg.<\/p>\n<p>Materia\u0142: plastik + metal<\/p>\n<p>Kraj producenta: Chiny<\/p>","protected":false},"excerpt":{"rendered":"<p>W\u00f3zek Q-544 sk\u0142ada si\u0119 z trzech element\u00f3w: wysuwanej r\u0105czki, k\u00f3\u0142ek oraz podstawki. Wysoko\u015b\u0107 z\u0142o\u017conego kompletu to 49 cm. R\u0105czka wysuwa si\u0119 na dwa razy. Po ca\u0142kowitym wysuni\u0119ciu stela\u017c ma wysoko\u015b\u0107 79cm. Podstawka ma wysuwaj\u0105cy si\u0119 element, kt\u00f3ry gwarantuje dodatkow\u0105 stabilno\u015b\u0107. Waga ok. 1,1 kg. Materia\u0142: plastik + metal Kraj producenta: Chiny<\/p>","protected":false},"featured_media":823,"template":"","meta":{"neve_meta_sidebar":"","neve_meta_container":"","neve_meta_enable_content_width":"off","neve_meta_content_width":100,"neve_meta_title_alignment":"","neve_meta_author_avatar":"","neve_post_elements_order":"","neve_meta_disable_header":"","neve_meta_disable_footer":"","neve_meta_disable_title":"","_ti_tpc_template_sync":false,"_ti_tpc_template_id":""},"product_cat":[33],"product_tag":[],"class_list":{"0":"post-822","1":"product","2":"type-product","3":"status-publish","4":"has-post-thumbnail","6":"product_cat-stelaze","8":"first","9":"instock","10":"shipping-taxable","11":"product-type-simple"},"yoast_head":"<!-- This site is optimized with the Yoast SEO plugin v23.9 - https:\/\/yoast.com\/wordpress\/plugins\/seo\/ -->\n<title>W\u00f3zek Q-544 - Cezar International<\/title>\n<meta name=\"robots\" content=\"index, follow, max-snippet:-1, max-image-preview:large, max-video-preview:-1\" \/>\n<link rel=\"canonical\" href=\"https:\/\/www.cezarint.pl\/en\/sklep\/kaletnictwo\/stelaze-i-kolka-do-toreb\/stelaze\/wozek-q-544\/\" \/>\n<meta property=\"og:locale\" content=\"en_US\" \/>\n<meta property=\"og:type\" content=\"article\" \/>\n<meta property=\"og:title\" content=\"W\u00f3zek Q-544 - Cezar International\" \/>\n<meta property=\"og:description\" content=\"W\u00f3zek Q-544 sk\u0142ada si\u0119 z trzech element\u00f3w: wysuwanej r\u0105czki, k\u00f3\u0142ek oraz podstawki. Wysoko\u015b\u0107 z\u0142o\u017conego kompletu to 49 cm. R\u0105czka wysuwa si\u0119 na dwa razy. Po ca\u0142kowitym wysuni\u0119ciu stela\u017c ma wysoko\u015b\u0107 79cm. Podstawka ma wysuwaj\u0105cy si\u0119 element, kt\u00f3ry gwarantuje dodatkow\u0105 stabilno\u015b\u0107. Waga ok. 1,1 kg. Materia\u0142: plastik + metal Kraj producenta: Chiny\" \/>\n<meta property=\"og:url\" content=\"https:\/\/www.cezarint.pl\/en\/sklep\/kaletnictwo\/stelaze-i-kolka-do-toreb\/stelaze\/wozek-q-544\/\" \/>\n<meta property=\"og:site_name\" content=\"Cezar International\" \/>\n<meta property=\"article:modified_time\" content=\"2021-11-19T13:06:46+00:00\" \/>\n<meta property=\"og:image\" content=\"https:\/\/www.cezarint.pl\/wp-content\/uploads\/2021\/11\/dcs.jpg\" \/>\n\t<meta property=\"og:image:width\" content=\"1400\" \/>\n\t<meta property=\"og:image:height\" content=\"2107\" \/>\n\t<meta property=\"og:image:type\" content=\"image\/jpeg\" \/>\n<meta name=\"twitter:card\" content=\"summary_large_image\" \/>\n<script type=\"application\/ld+json\" class=\"yoast-schema-graph\">{\"@context\":\"https:\/\/schema.org\",\"@graph\":[{\"@type\":\"WebPage\",\"@id\":\"https:\/\/www.cezarint.pl\/en\/sklep\/kaletnictwo\/stelaze-i-kolka-do-toreb\/stelaze\/wozek-q-544\/\",\"url\":\"https:\/\/www.cezarint.pl\/en\/sklep\/kaletnictwo\/stelaze-i-kolka-do-toreb\/stelaze\/wozek-q-544\/\",\"name\":\"W\u00f3zek Q-544 - Cezar International\",\"isPartOf\":{\"@id\":\"https:\/\/www.cezarint.pl\/#website\"},\"primaryImageOfPage\":{\"@id\":\"https:\/\/www.cezarint.pl\/en\/sklep\/kaletnictwo\/stelaze-i-kolka-do-toreb\/stelaze\/wozek-q-544\/#primaryimage\"},\"image\":{\"@id\":\"https:\/\/www.cezarint.pl\/en\/sklep\/kaletnictwo\/stelaze-i-kolka-do-toreb\/stelaze\/wozek-q-544\/#primaryimage\"},\"thumbnailUrl\":\"https:\/\/www.cezarint.pl\/wp-content\/uploads\/2021\/11\/dcs.jpg\",\"datePublished\":\"2021-11-19T13:06:45+00:00\",\"dateModified\":\"2021-11-19T13:06:46+00:00\",\"breadcrumb\":{\"@id\":\"https:\/\/www.cezarint.pl\/en\/sklep\/kaletnictwo\/stelaze-i-kolka-do-toreb\/stelaze\/wozek-q-544\/#breadcrumb\"},\"inLanguage\":\"en-US\",\"potentialAction\":[{\"@type\":\"ReadAction\",\"target\":[\"https:\/\/www.cezarint.pl\/en\/sklep\/kaletnictwo\/stelaze-i-kolka-do-toreb\/stelaze\/wozek-q-544\/\"]}]},{\"@type\":\"ImageObject\",\"inLanguage\":\"en-US\",\"@id\":\"https:\/\/www.cezarint.pl\/en\/sklep\/kaletnictwo\/stelaze-i-kolka-do-toreb\/stelaze\/wozek-q-544\/#primaryimage\",\"url\":\"https:\/\/www.cezarint.pl\/wp-content\/uploads\/2021\/11\/dcs.jpg\",\"contentUrl\":\"https:\/\/www.cezarint.pl\/wp-content\/uploads\/2021\/11\/dcs.jpg\",\"width\":1400,\"height\":2107},{\"@type\":\"BreadcrumbList\",\"@id\":\"https:\/\/www.cezarint.pl\/en\/sklep\/kaletnictwo\/stelaze-i-kolka-do-toreb\/stelaze\/wozek-q-544\/#breadcrumb\",\"itemListElement\":[{\"@type\":\"ListItem\",\"position\":1,\"name\":\"Strona g\u0142\u00f3wna\",\"item\":\"https:\/\/www.cezarint.pl\/\"},{\"@type\":\"ListItem\",\"position\":2,\"name\":\"Sklep\",\"item\":\"https:\/\/www.cezarint.pl\/sklep\/\"},{\"@type\":\"ListItem\",\"position\":3,\"name\":\"W\u00f3zek Q-544\"}]},{\"@type\":\"WebSite\",\"@id\":\"https:\/\/www.cezarint.pl\/#website\",\"url\":\"https:\/\/www.cezarint.pl\/\",\"name\":\"Cezar International\",\"description\":\"Kaletnictwo &amp; Optyka\",\"publisher\":{\"@id\":\"https:\/\/www.cezarint.pl\/#organization\"},\"potentialAction\":[{\"@type\":\"SearchAction\",\"target\":{\"@type\":\"EntryPoint\",\"urlTemplate\":\"https:\/\/www.cezarint.pl\/?s={search_term_string}\"},\"query-input\":{\"@type\":\"PropertyValueSpecification\",\"valueRequired\":true,\"valueName\":\"search_term_string\"}}],\"inLanguage\":\"en-US\"},{\"@type\":\"Organization\",\"@id\":\"https:\/\/www.cezarint.pl\/#organization\",\"name\":\"Cezar International\",\"url\":\"https:\/\/www.cezarint.pl\/\",\"logo\":{\"@type\":\"ImageObject\",\"inLanguage\":\"en-US\",\"@id\":\"https:\/\/www.cezarint.pl\/#\/schema\/logo\/image\/\",\"url\":\"https:\/\/www.cezarint.pl\/wp-content\/uploads\/2021\/07\/cezarint_full_logo_type2.png\",\"contentUrl\":\"https:\/\/www.cezarint.pl\/wp-content\/uploads\/2021\/07\/cezarint_full_logo_type2.png\",\"width\":383,\"height\":244,\"caption\":\"Cezar International\"},\"image\":{\"@id\":\"https:\/\/www.cezarint.pl\/#\/schema\/logo\/image\/\"}}]}<\/script>\n<!-- \/ Yoast SEO plugin. -->","yoast_head_json":{"title":"W\u00f3zek Q-544 - Cezar International","robots":{"index":"index","follow":"follow","max-snippet":"max-snippet:-1","max-image-preview":"max-image-preview:large","max-video-preview":"max-video-preview:-1"},"canonical":"https:\/\/www.cezarint.pl\/en\/sklep\/kaletnictwo\/stelaze-i-kolka-do-toreb\/stelaze\/wozek-q-544\/","og_locale":"en_US","og_type":"article","og_title":"W\u00f3zek Q-544 - Cezar International","og_description":"W\u00f3zek Q-544 sk\u0142ada si\u0119 z trzech element\u00f3w: wysuwanej r\u0105czki, k\u00f3\u0142ek oraz podstawki. Wysoko\u015b\u0107 z\u0142o\u017conego kompletu to 49 cm. R\u0105czka wysuwa si\u0119 na dwa razy. Po ca\u0142kowitym wysuni\u0119ciu stela\u017c ma wysoko\u015b\u0107 79cm. Podstawka ma wysuwaj\u0105cy si\u0119 element, kt\u00f3ry gwarantuje dodatkow\u0105 stabilno\u015b\u0107. Waga ok. 1,1 kg. Materia\u0142: plastik + metal Kraj producenta: Chiny","og_url":"https:\/\/www.cezarint.pl\/en\/sklep\/kaletnictwo\/stelaze-i-kolka-do-toreb\/stelaze\/wozek-q-544\/","og_site_name":"Cezar International","article_modified_time":"2021-11-19T13:06:46+00:00","og_image":[{"width":1400,"height":2107,"url":"https:\/\/www.cezarint.pl\/wp-content\/uploads\/2021\/11\/dcs.jpg","type":"image\/jpeg"}],"twitter_card":"summary_large_image","schema":{"@context":"https:\/\/schema.org","@graph":[{"@type":"WebPage","@id":"https:\/\/www.cezarint.pl\/en\/sklep\/kaletnictwo\/stelaze-i-kolka-do-toreb\/stelaze\/wozek-q-544\/","url":"https:\/\/www.cezarint.pl\/en\/sklep\/kaletnictwo\/stelaze-i-kolka-do-toreb\/stelaze\/wozek-q-544\/","name":"W\u00f3zek Q-544 - Cezar International","isPartOf":{"@id":"https:\/\/www.cezarint.pl\/#website"},"primaryImageOfPage":{"@id":"https:\/\/www.cezarint.pl\/en\/sklep\/kaletnictwo\/stelaze-i-kolka-do-toreb\/stelaze\/wozek-q-544\/#primaryimage"},"image":{"@id":"https:\/\/www.cezarint.pl\/en\/sklep\/kaletnictwo\/stelaze-i-kolka-do-toreb\/stelaze\/wozek-q-544\/#primaryimage"},"thumbnailUrl":"https:\/\/www.cezarint.pl\/wp-content\/uploads\/2021\/11\/dcs.jpg","datePublished":"2021-11-19T13:06:45+00:00","dateModified":"2021-11-19T13:06:46+00:00","breadcrumb":{"@id":"https:\/\/www.cezarint.pl\/en\/sklep\/kaletnictwo\/stelaze-i-kolka-do-toreb\/stelaze\/wozek-q-544\/#breadcrumb"},"inLanguage":"en-US","potentialAction":[{"@type":"ReadAction","target":["https:\/\/www.cezarint.pl\/en\/sklep\/kaletnictwo\/stelaze-i-kolka-do-toreb\/stelaze\/wozek-q-544\/"]}]},{"@type":"ImageObject","inLanguage":"en-US","@id":"https:\/\/www.cezarint.pl\/en\/sklep\/kaletnictwo\/stelaze-i-kolka-do-toreb\/stelaze\/wozek-q-544\/#primaryimage","url":"https:\/\/www.cezarint.pl\/wp-content\/uploads\/2021\/11\/dcs.jpg","contentUrl":"https:\/\/www.cezarint.pl\/wp-content\/uploads\/2021\/11\/dcs.jpg","width":1400,"height":2107},{"@type":"BreadcrumbList","@id":"https:\/\/www.cezarint.pl\/en\/sklep\/kaletnictwo\/stelaze-i-kolka-do-toreb\/stelaze\/wozek-q-544\/#breadcrumb","itemListElement":[{"@type":"ListItem","position":1,"name":"Strona g\u0142\u00f3wna","item":"https:\/\/www.cezarint.pl\/"},{"@type":"ListItem","position":2,"name":"Sklep","item":"https:\/\/www.cezarint.pl\/sklep\/"},{"@type":"ListItem","position":3,"name":"W\u00f3zek Q-544"}]},{"@type":"WebSite","@id":"https:\/\/www.cezarint.pl\/#website","url":"https:\/\/www.cezarint.pl\/","name":"Cezar International","description":"Fabrics, accessories &amp; Optics","publisher":{"@id":"https:\/\/www.cezarint.pl\/#organization"},"potentialAction":[{"@type":"SearchAction","target":{"@type":"EntryPoint","urlTemplate":"https:\/\/www.cezarint.pl\/?s={search_term_string}"},"query-input":{"@type":"PropertyValueSpecification","valueRequired":true,"valueName":"search_term_string"}}],"inLanguage":"en-US"},{"@type":"Organization","@id":"https:\/\/www.cezarint.pl\/#organization","name":"Cezar International","url":"https:\/\/www.cezarint.pl\/","logo":{"@type":"ImageObject","inLanguage":"en-US","@id":"https:\/\/www.cezarint.pl\/#\/schema\/logo\/image\/","url":"https:\/\/www.cezarint.pl\/wp-content\/uploads\/2021\/07\/cezarint_full_logo_type2.png","contentUrl":"https:\/\/www.cezarint.pl\/wp-content\/uploads\/2021\/07\/cezarint_full_logo_type2.png","width":383,"height":244,"caption":"Cezar International"},"image":{"@id":"https:\/\/www.cezarint.pl\/#\/schema\/logo\/image\/"}}]}},"_links":{"self":[{"href":"https:\/\/www.cezarint.pl\/en\/wp-json\/wp\/v2\/product\/822","targetHints":{"allow":["GET"]}}],"collection":[{"href":"https:\/\/www.cezarint.pl\/en\/wp-json\/wp\/v2\/product"}],"about":[{"href":"https:\/\/www.cezarint.pl\/en\/wp-json\/wp\/v2\/types\/product"}],"wp:featuredmedia":[{"embeddable":true,"href":"https:\/\/www.cezarint.pl\/en\/wp-json\/wp\/v2\/media\/823"}],"wp:attachment":[{"href":"https:\/\/www.cezarint.pl\/en\/wp-json\/wp\/v2\/media?parent=822"}],"wp:term":[{"taxonomy":"product_cat","embeddable":true,"href":"https:\/\/www.cezarint.pl\/en\/wp-json\/wp\/v2\/product_cat?post=822"},{"taxonomy":"product_tag","embeddable":true,"href":"https:\/\/www.cezarint.pl\/en\/wp-json\/wp\/v2\/product_tag?post=822"}],"curies":[{"name":"wp","href":"https:\/\/api.w.org\/{rel}","templated":true}]}}