{"id":385,"date":"2021-07-05T18:16:42","date_gmt":"2021-07-05T16:16:42","guid":{"rendered":"http:\/\/www.cezarint.pl\/1_nowastrona\/?post_type=product&#038;p=385"},"modified":"2022-10-19T11:58:18","modified_gmt":"2022-10-19T09:58:18","slug":"tipsy-dentystyczne","status":"publish","type":"product","link":"https:\/\/www.cezarint.pl\/en\/sklep\/optyka\/swiatlowody-dla-stomatologii\/tipsy-dentystyczne\/","title":{"rendered":"Dental tips"},"content":{"rendered":"<div>\n<ul>\n<li>Intended for Nd:YAG lasers.<\/li>\n<li>Specially developed ferules.<\/li>\n<li>Compatible with treatment handles.<\/li>\n<li>Lengths from 50 to 300 mm.<\/li>\n<li>Sterylized in autoclave in temperature up to 127\u00b0C lub ETO<\/li>\n<li>Available with optical fibers with a core diameter of 200, 300, 400, 600, 1000 \u03bcm<\/li>\n<li>All materials, which tips are produced of, are biocompatible and non-toxic.<\/li>\n<\/ul>\n<\/div>","protected":false},"excerpt":{"rendered":"<p>Przeznaczone dla laser\u00f3w Nd:YAG Specjalnie opracowane ferule Kompatybilne z r\u0119koje\u015bciami zabiegowymi D\u0142ugo\u015bci od 50 do 300 mm Sterylizowane w autoklawie w temperaturze do 127\u00b0C lub ETO Dost\u0119pne ze \u015bwiat\u0142owodami o \u015brednicy rdzeni 200, 300, 400, 600, 1000 mikron\u00f3w Wszystkie materia\u0142y, z kt\u00f3rych wykonane s\u0105\u00a0tipsy s\u0105 biokompatybilne i nietoksyczne<\/p>","protected":false},"featured_media":464,"template":"","meta":{"neve_meta_sidebar":"","neve_meta_container":"","neve_meta_enable_content_width":"off","neve_meta_content_width":100,"neve_meta_title_alignment":"","neve_meta_author_avatar":"","neve_post_elements_order":"","neve_meta_disable_header":"","neve_meta_disable_footer":"","neve_meta_disable_title":"","_ti_tpc_template_sync":false,"_ti_tpc_template_id":""},"product_cat":[77,31],"product_tag":[],"class_list":{"0":"post-385","1":"product","2":"type-product","3":"status-publish","4":"has-post-thumbnail","6":"product_cat-serwis","7":"product_cat-swiatlowody-dla-stomatologii","9":"first","10":"instock","11":"shipping-taxable","12":"product-type-simple"},"yoast_head":"<!-- This site is optimized with the Yoast SEO plugin v23.9 - https:\/\/yoast.com\/wordpress\/plugins\/seo\/ -->\n<title>Tipsy dentystyczne - Cezar International<\/title>\n<meta name=\"robots\" content=\"index, follow, max-snippet:-1, max-image-preview:large, max-video-preview:-1\" \/>\n<link rel=\"canonical\" href=\"https:\/\/www.cezarint.pl\/en\/sklep\/optyka\/swiatlowody-dla-stomatologii\/tipsy-dentystyczne\/\" \/>\n<meta property=\"og:locale\" content=\"en_US\" \/>\n<meta property=\"og:type\" content=\"article\" \/>\n<meta property=\"og:title\" content=\"Tipsy dentystyczne - Cezar International\" \/>\n<meta property=\"og:description\" content=\"Przeznaczone dla laser\u00f3w Nd:YAG Specjalnie opracowane ferule Kompatybilne z r\u0119koje\u015bciami zabiegowymi D\u0142ugo\u015bci od 50 do 300 mm Sterylizowane w autoklawie w temperaturze do 127\u00b0C lub ETO Dost\u0119pne ze \u015bwiat\u0142owodami o \u015brednicy rdzeni 200, 300, 400, 600, 1000 mikron\u00f3w Wszystkie materia\u0142y, z kt\u00f3rych wykonane s\u0105\u00a0tipsy s\u0105 biokompatybilne i nietoksyczne\" \/>\n<meta property=\"og:url\" content=\"https:\/\/www.cezarint.pl\/en\/sklep\/optyka\/swiatlowody-dla-stomatologii\/tipsy-dentystyczne\/\" \/>\n<meta property=\"og:site_name\" content=\"Cezar International\" \/>\n<meta property=\"article:modified_time\" content=\"2022-10-19T09:58:18+00:00\" \/>\n<meta property=\"og:image\" content=\"https:\/\/www.cezarint.pl\/wp-content\/uploads\/2021\/07\/dgvee_tips1.jpg\" \/>\n\t<meta property=\"og:image:width\" content=\"230\" \/>\n\t<meta property=\"og:image:height\" content=\"209\" \/>\n\t<meta property=\"og:image:type\" content=\"image\/jpeg\" \/>\n<meta name=\"twitter:card\" content=\"summary_large_image\" \/>\n<script type=\"application\/ld+json\" class=\"yoast-schema-graph\">{\"@context\":\"https:\/\/schema.org\",\"@graph\":[{\"@type\":\"WebPage\",\"@id\":\"https:\/\/www.cezarint.pl\/sklep\/optyka\/swiatlowody-dla-stomatologii\/tipsy-dentystyczne\/\",\"url\":\"https:\/\/www.cezarint.pl\/sklep\/optyka\/swiatlowody-dla-stomatologii\/tipsy-dentystyczne\/\",\"name\":\"Tipsy dentystyczne - Cezar International\",\"isPartOf\":{\"@id\":\"https:\/\/www.cezarint.pl\/#website\"},\"primaryImageOfPage\":{\"@id\":\"https:\/\/www.cezarint.pl\/sklep\/optyka\/swiatlowody-dla-stomatologii\/tipsy-dentystyczne\/#primaryimage\"},\"image\":{\"@id\":\"https:\/\/www.cezarint.pl\/sklep\/optyka\/swiatlowody-dla-stomatologii\/tipsy-dentystyczne\/#primaryimage\"},\"thumbnailUrl\":\"https:\/\/www.cezarint.pl\/wp-content\/uploads\/2021\/07\/dgvee_tips1.jpg\",\"datePublished\":\"2021-07-05T16:16:42+00:00\",\"dateModified\":\"2022-10-19T09:58:18+00:00\",\"breadcrumb\":{\"@id\":\"https:\/\/www.cezarint.pl\/sklep\/optyka\/swiatlowody-dla-stomatologii\/tipsy-dentystyczne\/#breadcrumb\"},\"inLanguage\":\"en-US\",\"potentialAction\":[{\"@type\":\"ReadAction\",\"target\":[\"https:\/\/www.cezarint.pl\/sklep\/optyka\/swiatlowody-dla-stomatologii\/tipsy-dentystyczne\/\"]}]},{\"@type\":\"ImageObject\",\"inLanguage\":\"en-US\",\"@id\":\"https:\/\/www.cezarint.pl\/sklep\/optyka\/swiatlowody-dla-stomatologii\/tipsy-dentystyczne\/#primaryimage\",\"url\":\"https:\/\/www.cezarint.pl\/wp-content\/uploads\/2021\/07\/dgvee_tips1.jpg\",\"contentUrl\":\"https:\/\/www.cezarint.pl\/wp-content\/uploads\/2021\/07\/dgvee_tips1.jpg\",\"width\":230,\"height\":209},{\"@type\":\"BreadcrumbList\",\"@id\":\"https:\/\/www.cezarint.pl\/sklep\/optyka\/swiatlowody-dla-stomatologii\/tipsy-dentystyczne\/#breadcrumb\",\"itemListElement\":[{\"@type\":\"ListItem\",\"position\":1,\"name\":\"Strona g\u0142\u00f3wna\",\"item\":\"https:\/\/www.cezarint.pl\/\"},{\"@type\":\"ListItem\",\"position\":2,\"name\":\"Sklep\",\"item\":\"https:\/\/www.cezarint.pl\/sklep\/\"},{\"@type\":\"ListItem\",\"position\":3,\"name\":\"Tipsy dentystyczne\"}]},{\"@type\":\"WebSite\",\"@id\":\"https:\/\/www.cezarint.pl\/#website\",\"url\":\"https:\/\/www.cezarint.pl\/\",\"name\":\"Cezar International\",\"description\":\"Kaletnictwo &amp; Optyka\",\"publisher\":{\"@id\":\"https:\/\/www.cezarint.pl\/#organization\"},\"potentialAction\":[{\"@type\":\"SearchAction\",\"target\":{\"@type\":\"EntryPoint\",\"urlTemplate\":\"https:\/\/www.cezarint.pl\/?s={search_term_string}\"},\"query-input\":{\"@type\":\"PropertyValueSpecification\",\"valueRequired\":true,\"valueName\":\"search_term_string\"}}],\"inLanguage\":\"en-US\"},{\"@type\":\"Organization\",\"@id\":\"https:\/\/www.cezarint.pl\/#organization\",\"name\":\"Cezar International\",\"url\":\"https:\/\/www.cezarint.pl\/\",\"logo\":{\"@type\":\"ImageObject\",\"inLanguage\":\"en-US\",\"@id\":\"https:\/\/www.cezarint.pl\/#\/schema\/logo\/image\/\",\"url\":\"https:\/\/www.cezarint.pl\/wp-content\/uploads\/2021\/07\/cezarint_full_logo_type2.png\",\"contentUrl\":\"https:\/\/www.cezarint.pl\/wp-content\/uploads\/2021\/07\/cezarint_full_logo_type2.png\",\"width\":383,\"height\":244,\"caption\":\"Cezar International\"},\"image\":{\"@id\":\"https:\/\/www.cezarint.pl\/#\/schema\/logo\/image\/\"}}]}<\/script>\n<!-- \/ Yoast SEO plugin. -->","yoast_head_json":{"title":"Tipsy dentystyczne - Cezar International","robots":{"index":"index","follow":"follow","max-snippet":"max-snippet:-1","max-image-preview":"max-image-preview:large","max-video-preview":"max-video-preview:-1"},"canonical":"https:\/\/www.cezarint.pl\/en\/sklep\/optyka\/swiatlowody-dla-stomatologii\/tipsy-dentystyczne\/","og_locale":"en_US","og_type":"article","og_title":"Tipsy dentystyczne - Cezar International","og_description":"Przeznaczone dla laser\u00f3w Nd:YAG Specjalnie opracowane ferule Kompatybilne z r\u0119koje\u015bciami zabiegowymi D\u0142ugo\u015bci od 50 do 300 mm Sterylizowane w autoklawie w temperaturze do 127\u00b0C lub ETO Dost\u0119pne ze \u015bwiat\u0142owodami o \u015brednicy rdzeni 200, 300, 400, 600, 1000 mikron\u00f3w Wszystkie materia\u0142y, z kt\u00f3rych wykonane s\u0105\u00a0tipsy s\u0105 biokompatybilne i nietoksyczne","og_url":"https:\/\/www.cezarint.pl\/en\/sklep\/optyka\/swiatlowody-dla-stomatologii\/tipsy-dentystyczne\/","og_site_name":"Cezar International","article_modified_time":"2022-10-19T09:58:18+00:00","og_image":[{"width":230,"height":209,"url":"https:\/\/www.cezarint.pl\/wp-content\/uploads\/2021\/07\/dgvee_tips1.jpg","type":"image\/jpeg"}],"twitter_card":"summary_large_image","schema":{"@context":"https:\/\/schema.org","@graph":[{"@type":"WebPage","@id":"https:\/\/www.cezarint.pl\/sklep\/optyka\/swiatlowody-dla-stomatologii\/tipsy-dentystyczne\/","url":"https:\/\/www.cezarint.pl\/sklep\/optyka\/swiatlowody-dla-stomatologii\/tipsy-dentystyczne\/","name":"Tipsy dentystyczne - Cezar International","isPartOf":{"@id":"https:\/\/www.cezarint.pl\/#website"},"primaryImageOfPage":{"@id":"https:\/\/www.cezarint.pl\/sklep\/optyka\/swiatlowody-dla-stomatologii\/tipsy-dentystyczne\/#primaryimage"},"image":{"@id":"https:\/\/www.cezarint.pl\/sklep\/optyka\/swiatlowody-dla-stomatologii\/tipsy-dentystyczne\/#primaryimage"},"thumbnailUrl":"https:\/\/www.cezarint.pl\/wp-content\/uploads\/2021\/07\/dgvee_tips1.jpg","datePublished":"2021-07-05T16:16:42+00:00","dateModified":"2022-10-19T09:58:18+00:00","breadcrumb":{"@id":"https:\/\/www.cezarint.pl\/sklep\/optyka\/swiatlowody-dla-stomatologii\/tipsy-dentystyczne\/#breadcrumb"},"inLanguage":"en-US","potentialAction":[{"@type":"ReadAction","target":["https:\/\/www.cezarint.pl\/sklep\/optyka\/swiatlowody-dla-stomatologii\/tipsy-dentystyczne\/"]}]},{"@type":"ImageObject","inLanguage":"en-US","@id":"https:\/\/www.cezarint.pl\/sklep\/optyka\/swiatlowody-dla-stomatologii\/tipsy-dentystyczne\/#primaryimage","url":"https:\/\/www.cezarint.pl\/wp-content\/uploads\/2021\/07\/dgvee_tips1.jpg","contentUrl":"https:\/\/www.cezarint.pl\/wp-content\/uploads\/2021\/07\/dgvee_tips1.jpg","width":230,"height":209},{"@type":"BreadcrumbList","@id":"https:\/\/www.cezarint.pl\/sklep\/optyka\/swiatlowody-dla-stomatologii\/tipsy-dentystyczne\/#breadcrumb","itemListElement":[{"@type":"ListItem","position":1,"name":"Strona g\u0142\u00f3wna","item":"https:\/\/www.cezarint.pl\/"},{"@type":"ListItem","position":2,"name":"Sklep","item":"https:\/\/www.cezarint.pl\/sklep\/"},{"@type":"ListItem","position":3,"name":"Tipsy dentystyczne"}]},{"@type":"WebSite","@id":"https:\/\/www.cezarint.pl\/#website","url":"https:\/\/www.cezarint.pl\/","name":"Cezar International","description":"Fabrics, accessories &amp; Optics","publisher":{"@id":"https:\/\/www.cezarint.pl\/#organization"},"potentialAction":[{"@type":"SearchAction","target":{"@type":"EntryPoint","urlTemplate":"https:\/\/www.cezarint.pl\/?s={search_term_string}"},"query-input":{"@type":"PropertyValueSpecification","valueRequired":true,"valueName":"search_term_string"}}],"inLanguage":"en-US"},{"@type":"Organization","@id":"https:\/\/www.cezarint.pl\/#organization","name":"Cezar International","url":"https:\/\/www.cezarint.pl\/","logo":{"@type":"ImageObject","inLanguage":"en-US","@id":"https:\/\/www.cezarint.pl\/#\/schema\/logo\/image\/","url":"https:\/\/www.cezarint.pl\/wp-content\/uploads\/2021\/07\/cezarint_full_logo_type2.png","contentUrl":"https:\/\/www.cezarint.pl\/wp-content\/uploads\/2021\/07\/cezarint_full_logo_type2.png","width":383,"height":244,"caption":"Cezar International"},"image":{"@id":"https:\/\/www.cezarint.pl\/#\/schema\/logo\/image\/"}}]}},"_links":{"self":[{"href":"https:\/\/www.cezarint.pl\/en\/wp-json\/wp\/v2\/product\/385","targetHints":{"allow":["GET"]}}],"collection":[{"href":"https:\/\/www.cezarint.pl\/en\/wp-json\/wp\/v2\/product"}],"about":[{"href":"https:\/\/www.cezarint.pl\/en\/wp-json\/wp\/v2\/types\/product"}],"wp:featuredmedia":[{"embeddable":true,"href":"https:\/\/www.cezarint.pl\/en\/wp-json\/wp\/v2\/media\/464"}],"wp:attachment":[{"href":"https:\/\/www.cezarint.pl\/en\/wp-json\/wp\/v2\/media?parent=385"}],"wp:term":[{"taxonomy":"product_cat","embeddable":true,"href":"https:\/\/www.cezarint.pl\/en\/wp-json\/wp\/v2\/product_cat?post=385"},{"taxonomy":"product_tag","embeddable":true,"href":"https:\/\/www.cezarint.pl\/en\/wp-json\/wp\/v2\/product_tag?post=385"}],"curies":[{"name":"wp","href":"https:\/\/api.w.org\/{rel}","templated":true}]}}