{"id":384,"date":"2021-07-05T18:16:23","date_gmt":"2021-07-05T16:16:23","guid":{"rendered":"http:\/\/www.cezarint.pl\/1_nowastrona\/?post_type=product&#038;p=384"},"modified":"2022-10-19T11:57:35","modified_gmt":"2022-10-19T09:57:35","slug":"kable-do-laserow-nd-yag","status":"publish","type":"product","link":"https:\/\/www.cezarint.pl\/en\/sklep\/optyka\/swiatlowody-dla-medycyny\/kable-do-laserow-nd-yag\/","title":{"rendered":"Cables for ND: YAG lasers"},"content":{"rendered":"<p>Produced of quartz fibers, what gives better transmission parameters for 1064nm light.<\/p>\n<p>Available with fiber optics of core diameter from 50 to 1500 \u03bcm - depends on the laser power.<\/p>\n<p>Lengths from 1m to 10m.<\/p>\n<p>Ended with SMA connectors, in metal covers or MKS covers (Metal-Kevlar-Silicone).<\/p>","protected":false},"excerpt":{"rendered":"<p>Produkowane z w\u0142\u00f3kien kwarcowych daj\u0105cych najlepsze parametry transmisji dla \u015bwiat\u0142a 1064nm. Dost\u0119pne ze \u015bwiat\u0142owodami o \u015brednicach rdzeni od 50 do 1500 mikrometr\u00f3w &#8211; w zale\u017cno\u015bci od mocy lasera. D\u0142ugo\u015bci od 1m do 10m. Zako\u0144czone wtyczkami\u00a0SMA, w os\u0142onach metalowych lub MKS (metal pokryty silikonem).<\/p>","protected":false},"featured_media":463,"template":"","meta":{"neve_meta_sidebar":"","neve_meta_container":"","neve_meta_enable_content_width":"off","neve_meta_content_width":100,"neve_meta_title_alignment":"","neve_meta_author_avatar":"","neve_post_elements_order":"","neve_meta_disable_header":"","neve_meta_disable_footer":"","neve_meta_disable_title":"","_ti_tpc_template_sync":false,"_ti_tpc_template_id":""},"product_cat":[77,30,31],"product_tag":[],"class_list":{"0":"post-384","1":"product","2":"type-product","3":"status-publish","4":"has-post-thumbnail","6":"product_cat-serwis","7":"product_cat-swiatlowody-dla-medycyny","8":"product_cat-swiatlowody-dla-stomatologii","10":"first","11":"instock","12":"shipping-taxable","13":"product-type-simple"},"yoast_head":"<!-- This site is optimized with the Yoast SEO plugin v23.9 - https:\/\/yoast.com\/wordpress\/plugins\/seo\/ -->\n<title>Kable do laser\u00f3w Nd: YAG - Cezar International<\/title>\n<meta name=\"robots\" content=\"index, follow, max-snippet:-1, max-image-preview:large, max-video-preview:-1\" \/>\n<link rel=\"canonical\" href=\"https:\/\/www.cezarint.pl\/en\/sklep\/optyka\/swiatlowody-dla-medycyny\/kable-do-laserow-nd-yag\/\" \/>\n<meta property=\"og:locale\" content=\"en_US\" \/>\n<meta property=\"og:type\" content=\"article\" \/>\n<meta property=\"og:title\" content=\"Kable do laser\u00f3w Nd: YAG - Cezar International\" \/>\n<meta property=\"og:description\" content=\"Produkowane z w\u0142\u00f3kien kwarcowych daj\u0105cych najlepsze parametry transmisji dla \u015bwiat\u0142a 1064nm. Dost\u0119pne ze \u015bwiat\u0142owodami o \u015brednicach rdzeni od 50 do 1500 mikrometr\u00f3w &#8211; w zale\u017cno\u015bci od mocy lasera. D\u0142ugo\u015bci od 1m do 10m. Zako\u0144czone wtyczkami\u00a0SMA, w os\u0142onach metalowych lub MKS (metal pokryty silikonem).\" \/>\n<meta property=\"og:url\" content=\"https:\/\/www.cezarint.pl\/en\/sklep\/optyka\/swiatlowody-dla-medycyny\/kable-do-laserow-nd-yag\/\" \/>\n<meta property=\"og:site_name\" content=\"Cezar International\" \/>\n<meta property=\"article:modified_time\" content=\"2022-10-19T09:57:35+00:00\" \/>\n<meta property=\"og:image\" content=\"https:\/\/www.cezarint.pl\/wp-content\/uploads\/2021\/07\/fcbpbm_nd_yag_cable.jpg\" \/>\n\t<meta property=\"og:image:width\" content=\"1229\" \/>\n\t<meta property=\"og:image:height\" content=\"922\" \/>\n\t<meta property=\"og:image:type\" content=\"image\/jpeg\" \/>\n<meta name=\"twitter:card\" content=\"summary_large_image\" \/>\n<script type=\"application\/ld+json\" class=\"yoast-schema-graph\">{\"@context\":\"https:\/\/schema.org\",\"@graph\":[{\"@type\":\"WebPage\",\"@id\":\"https:\/\/www.cezarint.pl\/sklep\/optyka\/swiatlowody-dla-medycyny\/kable-do-laserow-nd-yag\/\",\"url\":\"https:\/\/www.cezarint.pl\/sklep\/optyka\/swiatlowody-dla-medycyny\/kable-do-laserow-nd-yag\/\",\"name\":\"Kable do laser\u00f3w Nd: YAG - Cezar International\",\"isPartOf\":{\"@id\":\"https:\/\/www.cezarint.pl\/#website\"},\"primaryImageOfPage\":{\"@id\":\"https:\/\/www.cezarint.pl\/sklep\/optyka\/swiatlowody-dla-medycyny\/kable-do-laserow-nd-yag\/#primaryimage\"},\"image\":{\"@id\":\"https:\/\/www.cezarint.pl\/sklep\/optyka\/swiatlowody-dla-medycyny\/kable-do-laserow-nd-yag\/#primaryimage\"},\"thumbnailUrl\":\"https:\/\/www.cezarint.pl\/wp-content\/uploads\/2021\/07\/fcbpbm_nd_yag_cable.jpg\",\"datePublished\":\"2021-07-05T16:16:23+00:00\",\"dateModified\":\"2022-10-19T09:57:35+00:00\",\"breadcrumb\":{\"@id\":\"https:\/\/www.cezarint.pl\/sklep\/optyka\/swiatlowody-dla-medycyny\/kable-do-laserow-nd-yag\/#breadcrumb\"},\"inLanguage\":\"en-US\",\"potentialAction\":[{\"@type\":\"ReadAction\",\"target\":[\"https:\/\/www.cezarint.pl\/sklep\/optyka\/swiatlowody-dla-medycyny\/kable-do-laserow-nd-yag\/\"]}]},{\"@type\":\"ImageObject\",\"inLanguage\":\"en-US\",\"@id\":\"https:\/\/www.cezarint.pl\/sklep\/optyka\/swiatlowody-dla-medycyny\/kable-do-laserow-nd-yag\/#primaryimage\",\"url\":\"https:\/\/www.cezarint.pl\/wp-content\/uploads\/2021\/07\/fcbpbm_nd_yag_cable.jpg\",\"contentUrl\":\"https:\/\/www.cezarint.pl\/wp-content\/uploads\/2021\/07\/fcbpbm_nd_yag_cable.jpg\",\"width\":1229,\"height\":922},{\"@type\":\"BreadcrumbList\",\"@id\":\"https:\/\/www.cezarint.pl\/sklep\/optyka\/swiatlowody-dla-medycyny\/kable-do-laserow-nd-yag\/#breadcrumb\",\"itemListElement\":[{\"@type\":\"ListItem\",\"position\":1,\"name\":\"Strona g\u0142\u00f3wna\",\"item\":\"https:\/\/www.cezarint.pl\/\"},{\"@type\":\"ListItem\",\"position\":2,\"name\":\"Sklep\",\"item\":\"https:\/\/www.cezarint.pl\/sklep\/\"},{\"@type\":\"ListItem\",\"position\":3,\"name\":\"Kable do laser\u00f3w Nd: YAG\"}]},{\"@type\":\"WebSite\",\"@id\":\"https:\/\/www.cezarint.pl\/#website\",\"url\":\"https:\/\/www.cezarint.pl\/\",\"name\":\"Cezar International\",\"description\":\"Kaletnictwo &amp; Optyka\",\"publisher\":{\"@id\":\"https:\/\/www.cezarint.pl\/#organization\"},\"potentialAction\":[{\"@type\":\"SearchAction\",\"target\":{\"@type\":\"EntryPoint\",\"urlTemplate\":\"https:\/\/www.cezarint.pl\/?s={search_term_string}\"},\"query-input\":{\"@type\":\"PropertyValueSpecification\",\"valueRequired\":true,\"valueName\":\"search_term_string\"}}],\"inLanguage\":\"en-US\"},{\"@type\":\"Organization\",\"@id\":\"https:\/\/www.cezarint.pl\/#organization\",\"name\":\"Cezar International\",\"url\":\"https:\/\/www.cezarint.pl\/\",\"logo\":{\"@type\":\"ImageObject\",\"inLanguage\":\"en-US\",\"@id\":\"https:\/\/www.cezarint.pl\/#\/schema\/logo\/image\/\",\"url\":\"https:\/\/www.cezarint.pl\/wp-content\/uploads\/2021\/07\/cezarint_full_logo_type2.png\",\"contentUrl\":\"https:\/\/www.cezarint.pl\/wp-content\/uploads\/2021\/07\/cezarint_full_logo_type2.png\",\"width\":383,\"height\":244,\"caption\":\"Cezar International\"},\"image\":{\"@id\":\"https:\/\/www.cezarint.pl\/#\/schema\/logo\/image\/\"}}]}<\/script>\n<!-- \/ Yoast SEO plugin. -->","yoast_head_json":{"title":"Kable do laser\u00f3w Nd: YAG - Cezar International","robots":{"index":"index","follow":"follow","max-snippet":"max-snippet:-1","max-image-preview":"max-image-preview:large","max-video-preview":"max-video-preview:-1"},"canonical":"https:\/\/www.cezarint.pl\/en\/sklep\/optyka\/swiatlowody-dla-medycyny\/kable-do-laserow-nd-yag\/","og_locale":"en_US","og_type":"article","og_title":"Kable do laser\u00f3w Nd: YAG - Cezar International","og_description":"Produkowane z w\u0142\u00f3kien kwarcowych daj\u0105cych najlepsze parametry transmisji dla \u015bwiat\u0142a 1064nm. Dost\u0119pne ze \u015bwiat\u0142owodami o \u015brednicach rdzeni od 50 do 1500 mikrometr\u00f3w &#8211; w zale\u017cno\u015bci od mocy lasera. D\u0142ugo\u015bci od 1m do 10m. Zako\u0144czone wtyczkami\u00a0SMA, w os\u0142onach metalowych lub MKS (metal pokryty silikonem).","og_url":"https:\/\/www.cezarint.pl\/en\/sklep\/optyka\/swiatlowody-dla-medycyny\/kable-do-laserow-nd-yag\/","og_site_name":"Cezar International","article_modified_time":"2022-10-19T09:57:35+00:00","og_image":[{"width":1229,"height":922,"url":"https:\/\/www.cezarint.pl\/wp-content\/uploads\/2021\/07\/fcbpbm_nd_yag_cable.jpg","type":"image\/jpeg"}],"twitter_card":"summary_large_image","schema":{"@context":"https:\/\/schema.org","@graph":[{"@type":"WebPage","@id":"https:\/\/www.cezarint.pl\/sklep\/optyka\/swiatlowody-dla-medycyny\/kable-do-laserow-nd-yag\/","url":"https:\/\/www.cezarint.pl\/sklep\/optyka\/swiatlowody-dla-medycyny\/kable-do-laserow-nd-yag\/","name":"Kable do laser\u00f3w Nd: YAG - Cezar International","isPartOf":{"@id":"https:\/\/www.cezarint.pl\/#website"},"primaryImageOfPage":{"@id":"https:\/\/www.cezarint.pl\/sklep\/optyka\/swiatlowody-dla-medycyny\/kable-do-laserow-nd-yag\/#primaryimage"},"image":{"@id":"https:\/\/www.cezarint.pl\/sklep\/optyka\/swiatlowody-dla-medycyny\/kable-do-laserow-nd-yag\/#primaryimage"},"thumbnailUrl":"https:\/\/www.cezarint.pl\/wp-content\/uploads\/2021\/07\/fcbpbm_nd_yag_cable.jpg","datePublished":"2021-07-05T16:16:23+00:00","dateModified":"2022-10-19T09:57:35+00:00","breadcrumb":{"@id":"https:\/\/www.cezarint.pl\/sklep\/optyka\/swiatlowody-dla-medycyny\/kable-do-laserow-nd-yag\/#breadcrumb"},"inLanguage":"en-US","potentialAction":[{"@type":"ReadAction","target":["https:\/\/www.cezarint.pl\/sklep\/optyka\/swiatlowody-dla-medycyny\/kable-do-laserow-nd-yag\/"]}]},{"@type":"ImageObject","inLanguage":"en-US","@id":"https:\/\/www.cezarint.pl\/sklep\/optyka\/swiatlowody-dla-medycyny\/kable-do-laserow-nd-yag\/#primaryimage","url":"https:\/\/www.cezarint.pl\/wp-content\/uploads\/2021\/07\/fcbpbm_nd_yag_cable.jpg","contentUrl":"https:\/\/www.cezarint.pl\/wp-content\/uploads\/2021\/07\/fcbpbm_nd_yag_cable.jpg","width":1229,"height":922},{"@type":"BreadcrumbList","@id":"https:\/\/www.cezarint.pl\/sklep\/optyka\/swiatlowody-dla-medycyny\/kable-do-laserow-nd-yag\/#breadcrumb","itemListElement":[{"@type":"ListItem","position":1,"name":"Strona g\u0142\u00f3wna","item":"https:\/\/www.cezarint.pl\/"},{"@type":"ListItem","position":2,"name":"Sklep","item":"https:\/\/www.cezarint.pl\/sklep\/"},{"@type":"ListItem","position":3,"name":"Kable do laser\u00f3w Nd: YAG"}]},{"@type":"WebSite","@id":"https:\/\/www.cezarint.pl\/#website","url":"https:\/\/www.cezarint.pl\/","name":"Cezar International","description":"Fabrics, accessories &amp; Optics","publisher":{"@id":"https:\/\/www.cezarint.pl\/#organization"},"potentialAction":[{"@type":"SearchAction","target":{"@type":"EntryPoint","urlTemplate":"https:\/\/www.cezarint.pl\/?s={search_term_string}"},"query-input":{"@type":"PropertyValueSpecification","valueRequired":true,"valueName":"search_term_string"}}],"inLanguage":"en-US"},{"@type":"Organization","@id":"https:\/\/www.cezarint.pl\/#organization","name":"Cezar International","url":"https:\/\/www.cezarint.pl\/","logo":{"@type":"ImageObject","inLanguage":"en-US","@id":"https:\/\/www.cezarint.pl\/#\/schema\/logo\/image\/","url":"https:\/\/www.cezarint.pl\/wp-content\/uploads\/2021\/07\/cezarint_full_logo_type2.png","contentUrl":"https:\/\/www.cezarint.pl\/wp-content\/uploads\/2021\/07\/cezarint_full_logo_type2.png","width":383,"height":244,"caption":"Cezar International"},"image":{"@id":"https:\/\/www.cezarint.pl\/#\/schema\/logo\/image\/"}}]}},"_links":{"self":[{"href":"https:\/\/www.cezarint.pl\/en\/wp-json\/wp\/v2\/product\/384","targetHints":{"allow":["GET"]}}],"collection":[{"href":"https:\/\/www.cezarint.pl\/en\/wp-json\/wp\/v2\/product"}],"about":[{"href":"https:\/\/www.cezarint.pl\/en\/wp-json\/wp\/v2\/types\/product"}],"wp:featuredmedia":[{"embeddable":true,"href":"https:\/\/www.cezarint.pl\/en\/wp-json\/wp\/v2\/media\/463"}],"wp:attachment":[{"href":"https:\/\/www.cezarint.pl\/en\/wp-json\/wp\/v2\/media?parent=384"}],"wp:term":[{"taxonomy":"product_cat","embeddable":true,"href":"https:\/\/www.cezarint.pl\/en\/wp-json\/wp\/v2\/product_cat?post=384"},{"taxonomy":"product_tag","embeddable":true,"href":"https:\/\/www.cezarint.pl\/en\/wp-json\/wp\/v2\/product_tag?post=384"}],"curies":[{"name":"wp","href":"https:\/\/api.w.org\/{rel}","templated":true}]}}