{"id":382,"date":"2021-07-05T18:15:17","date_gmt":"2021-07-05T16:15:17","guid":{"rendered":"http:\/\/www.cezarint.pl\/1_nowastrona\/?post_type=product&#038;p=382"},"modified":"2021-10-25T13:10:18","modified_gmt":"2021-10-25T11:10:18","slug":"kable-do-laserow-duzej-mocy","status":"publish","type":"product","link":"https:\/\/www.cezarint.pl\/en\/sklep\/optyka\/swiatlowody-dla-medycyny\/kable-do-laserow-duzej-mocy\/","title":{"rendered":"Cables for high-power lasers"},"content":{"rendered":"<div>Dedicated for diode lasers and Nd:YAG used in medicine and industry, allowing light to be transmitted from the source to the target.<\/div>\n<div><\/div>\n<div>Standard connectors (e.g. HP SMA) are compatible with all laser systems.<\/div>\n<div><\/div>\n<div>Steel covers increase durability.<\/div>\n<div><\/div>\n<div>\n<p>Cables for lasers with a power of up to 10kW - with the use of fibers with diameters from 0.1 to 2.5mm.<\/p>\n<div><\/div>\n<\/div>\n<div>The appropriate selection of the fiber ensures the best transmission parameters.<\/div>\n<div><\/div>\n<div>Spectral ranges from 400 nm to 2600 nm.<\/div>\n<div><\/div>\n<div>Lengths from 0.3m to 20m.<\/div>\n<div><\/div>\n<div>For high power lasers we use \"free-standing\" plugs to prevent damage of the fiber by the incident laser beam and increase the \"service life\" of the cables.<\/div>\n<div><\/div>\n<table border=\"1\" width=\"475\" cellspacing=\"1\" cellpadding=\"1\">\n<tbody>\n<tr>\n<td><strong>Core diameter (mm)<\/strong><\/td>\n<td><strong>0.1<\/strong><\/td>\n<td><strong>0.2<\/strong><\/td>\n<td><strong>0.4<\/strong><\/td>\n<td><strong>0.6<\/strong><\/td>\n<td><strong>0.8<\/strong><\/td>\n<td><strong>1.0<\/strong><\/td>\n<\/tr>\n<tr>\n<td><strong>Max power (kW)<\/strong><\/td>\n<td><strong>0.1<\/strong><\/td>\n<td><strong>0.6<\/strong><\/td>\n<td><strong>1<\/strong><\/td>\n<td><strong>4<\/strong><\/td>\n<td><strong>6<\/strong><\/td>\n<td><strong>8<\/strong><\/td>\n<\/tr>\n<\/tbody>\n<\/table>","protected":false},"excerpt":{"rendered":"<p>Dedykowane do laser\u00f3w diodowych i Nd:YAG u\u017cywanych w medycynie i przemy\u015ble, umo\u017cliwiaj\u0105ce transmisje \u015bwiat\u0142a od \u017ar\u00f3d\u0142a do elementu docelowego. Standardowe wtyczki (np. HP SMA) s\u0105 kompatybilne ze wszystkimi systemami laserowymi. Os\u0142ony stalowe zwi\u0119kszaj\u0105 wytrzyma\u0142o\u015b\u0107. Kable dla laser\u00f3w o mocy do 10kW \u2013 z wykorzystaniem w\u0142\u00f3kien o \u015brednicach od 0.1 do 2.5mm. Odpowiedni dob\u00f3r w\u0142\u00f3kna zapewnia&hellip;&nbsp;<a href=\"https:\/\/www.cezarint.pl\/en\/sklep\/optyka\/swiatlowody-dla-medycyny\/kable-do-laserow-duzej-mocy\/\" rel=\"bookmark\">Read More &raquo;<span class=\"screen-reader-text\">Cables for high-power lasers<\/span><\/a><\/p>","protected":false},"featured_media":689,"template":"","meta":{"neve_meta_sidebar":"","neve_meta_container":"","neve_meta_enable_content_width":"off","neve_meta_content_width":100,"neve_meta_title_alignment":"","neve_meta_author_avatar":"","neve_post_elements_order":"","neve_meta_disable_header":"","neve_meta_disable_footer":"","neve_meta_disable_title":"","_ti_tpc_template_sync":false,"_ti_tpc_template_id":""},"product_cat":[32,30],"product_tag":[],"class_list":{"0":"post-382","1":"product","2":"type-product","3":"status-publish","4":"has-post-thumbnail","6":"product_cat-kable-przemyslowe","7":"product_cat-swiatlowody-dla-medycyny","9":"first","10":"instock","11":"shipping-taxable","12":"product-type-simple"},"yoast_head":"<!-- This site is optimized with the Yoast SEO plugin v23.9 - https:\/\/yoast.com\/wordpress\/plugins\/seo\/ -->\n<title>Kable do laser\u00f3w du\u017cej mocy - Cezar International<\/title>\n<meta name=\"robots\" content=\"index, follow, max-snippet:-1, max-image-preview:large, max-video-preview:-1\" \/>\n<link rel=\"canonical\" href=\"https:\/\/www.cezarint.pl\/en\/sklep\/optyka\/swiatlowody-dla-medycyny\/kable-do-laserow-duzej-mocy\/\" \/>\n<meta property=\"og:locale\" content=\"en_US\" \/>\n<meta property=\"og:type\" content=\"article\" \/>\n<meta property=\"og:title\" content=\"Kable do laser\u00f3w du\u017cej mocy - Cezar International\" \/>\n<meta property=\"og:description\" content=\"Dedykowane do laser\u00f3w diodowych i Nd:YAG u\u017cywanych w medycynie i przemy\u015ble, umo\u017cliwiaj\u0105ce transmisje \u015bwiat\u0142a od \u017ar\u00f3d\u0142a do elementu docelowego. Standardowe wtyczki (np. HP SMA) s\u0105 kompatybilne ze wszystkimi systemami laserowymi. Os\u0142ony stalowe zwi\u0119kszaj\u0105 wytrzyma\u0142o\u015b\u0107. Kable dla laser\u00f3w o mocy do 10kW \u2013 z wykorzystaniem w\u0142\u00f3kien o \u015brednicach od 0.1 do 2.5mm. Odpowiedni dob\u00f3r w\u0142\u00f3kna zapewnia&hellip;&nbsp;Read More &raquo;Kable do laser\u00f3w du\u017cej mocy\" \/>\n<meta property=\"og:url\" content=\"https:\/\/www.cezarint.pl\/en\/sklep\/optyka\/swiatlowody-dla-medycyny\/kable-do-laserow-duzej-mocy\/\" \/>\n<meta property=\"og:site_name\" content=\"Cezar International\" \/>\n<meta property=\"article:modified_time\" content=\"2021-10-25T11:10:18+00:00\" \/>\n<meta property=\"og:image\" content=\"https:\/\/www.cezarint.pl\/wp-content\/uploads\/2021\/07\/kabel-swiatlowodowy-wysokiej-mocy.jpg\" \/>\n\t<meta property=\"og:image:width\" content=\"800\" \/>\n\t<meta property=\"og:image:height\" content=\"719\" \/>\n\t<meta property=\"og:image:type\" content=\"image\/jpeg\" \/>\n<meta name=\"twitter:card\" content=\"summary_large_image\" \/>\n<meta name=\"twitter:label1\" content=\"Est. reading time\" \/>\n\t<meta name=\"twitter:data1\" content=\"1 minute\" \/>\n<script type=\"application\/ld+json\" class=\"yoast-schema-graph\">{\"@context\":\"https:\/\/schema.org\",\"@graph\":[{\"@type\":\"WebPage\",\"@id\":\"https:\/\/www.cezarint.pl\/sklep\/optyka\/swiatlowody-dla-medycyny\/kable-do-laserow-duzej-mocy\/\",\"url\":\"https:\/\/www.cezarint.pl\/sklep\/optyka\/swiatlowody-dla-medycyny\/kable-do-laserow-duzej-mocy\/\",\"name\":\"Kable do laser\u00f3w du\u017cej mocy - Cezar International\",\"isPartOf\":{\"@id\":\"https:\/\/www.cezarint.pl\/#website\"},\"primaryImageOfPage\":{\"@id\":\"https:\/\/www.cezarint.pl\/sklep\/optyka\/swiatlowody-dla-medycyny\/kable-do-laserow-duzej-mocy\/#primaryimage\"},\"image\":{\"@id\":\"https:\/\/www.cezarint.pl\/sklep\/optyka\/swiatlowody-dla-medycyny\/kable-do-laserow-duzej-mocy\/#primaryimage\"},\"thumbnailUrl\":\"https:\/\/www.cezarint.pl\/wp-content\/uploads\/2021\/07\/kabel-swiatlowodowy-wysokiej-mocy.jpg\",\"datePublished\":\"2021-07-05T16:15:17+00:00\",\"dateModified\":\"2021-10-25T11:10:18+00:00\",\"breadcrumb\":{\"@id\":\"https:\/\/www.cezarint.pl\/sklep\/optyka\/swiatlowody-dla-medycyny\/kable-do-laserow-duzej-mocy\/#breadcrumb\"},\"inLanguage\":\"en-US\",\"potentialAction\":[{\"@type\":\"ReadAction\",\"target\":[\"https:\/\/www.cezarint.pl\/sklep\/optyka\/swiatlowody-dla-medycyny\/kable-do-laserow-duzej-mocy\/\"]}]},{\"@type\":\"ImageObject\",\"inLanguage\":\"en-US\",\"@id\":\"https:\/\/www.cezarint.pl\/sklep\/optyka\/swiatlowody-dla-medycyny\/kable-do-laserow-duzej-mocy\/#primaryimage\",\"url\":\"https:\/\/www.cezarint.pl\/wp-content\/uploads\/2021\/07\/kabel-swiatlowodowy-wysokiej-mocy.jpg\",\"contentUrl\":\"https:\/\/www.cezarint.pl\/wp-content\/uploads\/2021\/07\/kabel-swiatlowodowy-wysokiej-mocy.jpg\",\"width\":800,\"height\":719},{\"@type\":\"BreadcrumbList\",\"@id\":\"https:\/\/www.cezarint.pl\/sklep\/optyka\/swiatlowody-dla-medycyny\/kable-do-laserow-duzej-mocy\/#breadcrumb\",\"itemListElement\":[{\"@type\":\"ListItem\",\"position\":1,\"name\":\"Strona g\u0142\u00f3wna\",\"item\":\"https:\/\/www.cezarint.pl\/\"},{\"@type\":\"ListItem\",\"position\":2,\"name\":\"Sklep\",\"item\":\"https:\/\/www.cezarint.pl\/sklep\/\"},{\"@type\":\"ListItem\",\"position\":3,\"name\":\"Kable do laser\u00f3w du\u017cej mocy\"}]},{\"@type\":\"WebSite\",\"@id\":\"https:\/\/www.cezarint.pl\/#website\",\"url\":\"https:\/\/www.cezarint.pl\/\",\"name\":\"Cezar International\",\"description\":\"Kaletnictwo &amp; Optyka\",\"publisher\":{\"@id\":\"https:\/\/www.cezarint.pl\/#organization\"},\"potentialAction\":[{\"@type\":\"SearchAction\",\"target\":{\"@type\":\"EntryPoint\",\"urlTemplate\":\"https:\/\/www.cezarint.pl\/?s={search_term_string}\"},\"query-input\":{\"@type\":\"PropertyValueSpecification\",\"valueRequired\":true,\"valueName\":\"search_term_string\"}}],\"inLanguage\":\"en-US\"},{\"@type\":\"Organization\",\"@id\":\"https:\/\/www.cezarint.pl\/#organization\",\"name\":\"Cezar International\",\"url\":\"https:\/\/www.cezarint.pl\/\",\"logo\":{\"@type\":\"ImageObject\",\"inLanguage\":\"en-US\",\"@id\":\"https:\/\/www.cezarint.pl\/#\/schema\/logo\/image\/\",\"url\":\"https:\/\/www.cezarint.pl\/wp-content\/uploads\/2021\/07\/cezarint_full_logo_type2.png\",\"contentUrl\":\"https:\/\/www.cezarint.pl\/wp-content\/uploads\/2021\/07\/cezarint_full_logo_type2.png\",\"width\":383,\"height\":244,\"caption\":\"Cezar International\"},\"image\":{\"@id\":\"https:\/\/www.cezarint.pl\/#\/schema\/logo\/image\/\"}}]}<\/script>\n<!-- \/ Yoast SEO plugin. -->","yoast_head_json":{"title":"Kable do laser\u00f3w du\u017cej mocy - Cezar International","robots":{"index":"index","follow":"follow","max-snippet":"max-snippet:-1","max-image-preview":"max-image-preview:large","max-video-preview":"max-video-preview:-1"},"canonical":"https:\/\/www.cezarint.pl\/en\/sklep\/optyka\/swiatlowody-dla-medycyny\/kable-do-laserow-duzej-mocy\/","og_locale":"en_US","og_type":"article","og_title":"Kable do laser\u00f3w du\u017cej mocy - Cezar International","og_description":"Dedykowane do laser\u00f3w diodowych i Nd:YAG u\u017cywanych w medycynie i przemy\u015ble, umo\u017cliwiaj\u0105ce transmisje \u015bwiat\u0142a od \u017ar\u00f3d\u0142a do elementu docelowego. Standardowe wtyczki (np. HP SMA) s\u0105 kompatybilne ze wszystkimi systemami laserowymi. Os\u0142ony stalowe zwi\u0119kszaj\u0105 wytrzyma\u0142o\u015b\u0107. Kable dla laser\u00f3w o mocy do 10kW \u2013 z wykorzystaniem w\u0142\u00f3kien o \u015brednicach od 0.1 do 2.5mm. Odpowiedni dob\u00f3r w\u0142\u00f3kna zapewnia&hellip;&nbsp;Read More &raquo;Kable do laser\u00f3w du\u017cej mocy","og_url":"https:\/\/www.cezarint.pl\/en\/sklep\/optyka\/swiatlowody-dla-medycyny\/kable-do-laserow-duzej-mocy\/","og_site_name":"Cezar International","article_modified_time":"2021-10-25T11:10:18+00:00","og_image":[{"width":800,"height":719,"url":"https:\/\/www.cezarint.pl\/wp-content\/uploads\/2021\/07\/kabel-swiatlowodowy-wysokiej-mocy.jpg","type":"image\/jpeg"}],"twitter_card":"summary_large_image","twitter_misc":{"Est. reading time":"1 minute"},"schema":{"@context":"https:\/\/schema.org","@graph":[{"@type":"WebPage","@id":"https:\/\/www.cezarint.pl\/sklep\/optyka\/swiatlowody-dla-medycyny\/kable-do-laserow-duzej-mocy\/","url":"https:\/\/www.cezarint.pl\/sklep\/optyka\/swiatlowody-dla-medycyny\/kable-do-laserow-duzej-mocy\/","name":"Kable do laser\u00f3w du\u017cej mocy - Cezar International","isPartOf":{"@id":"https:\/\/www.cezarint.pl\/#website"},"primaryImageOfPage":{"@id":"https:\/\/www.cezarint.pl\/sklep\/optyka\/swiatlowody-dla-medycyny\/kable-do-laserow-duzej-mocy\/#primaryimage"},"image":{"@id":"https:\/\/www.cezarint.pl\/sklep\/optyka\/swiatlowody-dla-medycyny\/kable-do-laserow-duzej-mocy\/#primaryimage"},"thumbnailUrl":"https:\/\/www.cezarint.pl\/wp-content\/uploads\/2021\/07\/kabel-swiatlowodowy-wysokiej-mocy.jpg","datePublished":"2021-07-05T16:15:17+00:00","dateModified":"2021-10-25T11:10:18+00:00","breadcrumb":{"@id":"https:\/\/www.cezarint.pl\/sklep\/optyka\/swiatlowody-dla-medycyny\/kable-do-laserow-duzej-mocy\/#breadcrumb"},"inLanguage":"en-US","potentialAction":[{"@type":"ReadAction","target":["https:\/\/www.cezarint.pl\/sklep\/optyka\/swiatlowody-dla-medycyny\/kable-do-laserow-duzej-mocy\/"]}]},{"@type":"ImageObject","inLanguage":"en-US","@id":"https:\/\/www.cezarint.pl\/sklep\/optyka\/swiatlowody-dla-medycyny\/kable-do-laserow-duzej-mocy\/#primaryimage","url":"https:\/\/www.cezarint.pl\/wp-content\/uploads\/2021\/07\/kabel-swiatlowodowy-wysokiej-mocy.jpg","contentUrl":"https:\/\/www.cezarint.pl\/wp-content\/uploads\/2021\/07\/kabel-swiatlowodowy-wysokiej-mocy.jpg","width":800,"height":719},{"@type":"BreadcrumbList","@id":"https:\/\/www.cezarint.pl\/sklep\/optyka\/swiatlowody-dla-medycyny\/kable-do-laserow-duzej-mocy\/#breadcrumb","itemListElement":[{"@type":"ListItem","position":1,"name":"Strona g\u0142\u00f3wna","item":"https:\/\/www.cezarint.pl\/"},{"@type":"ListItem","position":2,"name":"Sklep","item":"https:\/\/www.cezarint.pl\/sklep\/"},{"@type":"ListItem","position":3,"name":"Kable do laser\u00f3w du\u017cej mocy"}]},{"@type":"WebSite","@id":"https:\/\/www.cezarint.pl\/#website","url":"https:\/\/www.cezarint.pl\/","name":"Cezar International","description":"Fabrics, accessories &amp; Optics","publisher":{"@id":"https:\/\/www.cezarint.pl\/#organization"},"potentialAction":[{"@type":"SearchAction","target":{"@type":"EntryPoint","urlTemplate":"https:\/\/www.cezarint.pl\/?s={search_term_string}"},"query-input":{"@type":"PropertyValueSpecification","valueRequired":true,"valueName":"search_term_string"}}],"inLanguage":"en-US"},{"@type":"Organization","@id":"https:\/\/www.cezarint.pl\/#organization","name":"Cezar International","url":"https:\/\/www.cezarint.pl\/","logo":{"@type":"ImageObject","inLanguage":"en-US","@id":"https:\/\/www.cezarint.pl\/#\/schema\/logo\/image\/","url":"https:\/\/www.cezarint.pl\/wp-content\/uploads\/2021\/07\/cezarint_full_logo_type2.png","contentUrl":"https:\/\/www.cezarint.pl\/wp-content\/uploads\/2021\/07\/cezarint_full_logo_type2.png","width":383,"height":244,"caption":"Cezar International"},"image":{"@id":"https:\/\/www.cezarint.pl\/#\/schema\/logo\/image\/"}}]}},"_links":{"self":[{"href":"https:\/\/www.cezarint.pl\/en\/wp-json\/wp\/v2\/product\/382","targetHints":{"allow":["GET"]}}],"collection":[{"href":"https:\/\/www.cezarint.pl\/en\/wp-json\/wp\/v2\/product"}],"about":[{"href":"https:\/\/www.cezarint.pl\/en\/wp-json\/wp\/v2\/types\/product"}],"wp:featuredmedia":[{"embeddable":true,"href":"https:\/\/www.cezarint.pl\/en\/wp-json\/wp\/v2\/media\/689"}],"wp:attachment":[{"href":"https:\/\/www.cezarint.pl\/en\/wp-json\/wp\/v2\/media?parent=382"}],"wp:term":[{"taxonomy":"product_cat","embeddable":true,"href":"https:\/\/www.cezarint.pl\/en\/wp-json\/wp\/v2\/product_cat?post=382"},{"taxonomy":"product_tag","embeddable":true,"href":"https:\/\/www.cezarint.pl\/en\/wp-json\/wp\/v2\/product_tag?post=382"}],"curies":[{"name":"wp","href":"https:\/\/api.w.org\/{rel}","templated":true}]}}