{"id":380,"date":"2021-07-05T18:14:18","date_gmt":"2021-07-05T16:14:18","guid":{"rendered":"http:\/\/www.cezarint.pl\/1_nowastrona\/?post_type=product&#038;p=380"},"modified":"2021-08-18T15:42:47","modified_gmt":"2021-08-18T13:42:47","slug":"wlokna-cir","status":"publish","type":"product","link":"https:\/\/www.cezarint.pl\/en\/sklep\/optyka\/swiatlowody\/wlokna-cir\/","title":{"rendered":"CIR fibers"},"content":{"rendered":"<p>Przeznaczone do pracy w zakresie podczerwieni od 2 do 6 \u00b5m.<\/p>\n<p>Wype\u0142niaj\u0105\u00a0doskonale luk\u0119 pomi\u0119dzy \u015bwiat\u0142owodami krzemowymi pracuj\u0105cymi od 0.2 do 2.4 \u00b5m a \u015bwiat\u0142owodami PIR pracuj\u0105cymi od 4 \u2013 18 \u00b5m.<\/p>\n<p>Produkowane ze struktur\u0105 rdze\u0144\/p\u0142aszcz powleczon\u0105 podw\u00f3jnym pokryciem polymerowym \u2013 daj\u0105cym ma\u0142e straty optyczne i du\u017c\u0105 elastyczno\u015b\u0107.<\/p>\n<p>APPLICATION<\/p>\n<ul>\n<li>Systemy przenoszenia promieniowania dla laser\u00f3w Er:YAG<\/li>\n<li>IR imaging systems<\/li>\n<li>Zdalna bezkontaktowa pirometria w zakresie od 200 do 600 K<\/li>\n<li>Sondy \u015bwiat\u0142owodowe do spektroskopii IR<\/li>\n<\/ul>\n<p>FIBER SPECIFICATION<\/p>\n<table border=\"0\" width=\"545\" cellspacing=\"1\" cellpadding=\"1\">\n<tbody>\n<tr>\n<td>\u015arednica w\u0142\u00f3kna<\/td>\n<td>455\/515 \u00b1 10 \u00b5m<\/td>\n<\/tr>\n<tr>\n<td>Struktura w\u0142\u00f3kna<\/td>\n<td>As2S3\/As-S<\/td>\n<\/tr>\n<tr>\n<td>Spectral range<\/td>\n<td>2 do 6 \u00b5m<\/td>\n<\/tr>\n<tr>\n<td>Wsp\u00f3\u0142czynnik za\u0142amania \u015bwiat\u0142a<\/td>\n<td>2.4<\/td>\n<\/tr>\n<tr>\n<td>Pokrycie<\/td>\n<td>Podw\u00f3jny polimer, \u015brednica zewn. 700 \u00b5m<\/td>\n<\/tr>\n<\/tbody>\n<\/table>","protected":false},"excerpt":{"rendered":"<p>\u015awiat\u0142owody chalkogenidowe \u2013Chalcogenide IR glass fibers (CIR)<\/p>","protected":false},"featured_media":451,"template":"","meta":{"neve_meta_sidebar":"","neve_meta_container":"","neve_meta_enable_content_width":"off","neve_meta_content_width":0,"neve_meta_title_alignment":"","neve_meta_author_avatar":"","neve_post_elements_order":"","neve_meta_disable_header":"","neve_meta_disable_footer":"","neve_meta_disable_title":"","_ti_tpc_template_sync":false,"_ti_tpc_template_id":""},"product_cat":[29],"product_tag":[],"class_list":{"0":"post-380","1":"product","2":"type-product","3":"status-publish","4":"has-post-thumbnail","6":"product_cat-swiatlowody","8":"first","9":"instock","10":"shipping-taxable","11":"product-type-simple"},"yoast_head":"<!-- This site is optimized with the Yoast SEO plugin v23.9 - https:\/\/yoast.com\/wordpress\/plugins\/seo\/ -->\n<title>W\u0142\u00f3kna CIR - Cezar International<\/title>\n<meta name=\"robots\" content=\"index, follow, max-snippet:-1, max-image-preview:large, max-video-preview:-1\" \/>\n<link rel=\"canonical\" href=\"https:\/\/www.cezarint.pl\/en\/sklep\/optyka\/swiatlowody\/wlokna-cir\/\" \/>\n<meta property=\"og:locale\" content=\"en_US\" \/>\n<meta property=\"og:type\" content=\"article\" \/>\n<meta property=\"og:title\" content=\"W\u0142\u00f3kna CIR - Cezar International\" \/>\n<meta property=\"og:description\" content=\"\u015awiat\u0142owody chalkogenidowe \u2013Chalcogenide IR glass fibers (CIR)\" \/>\n<meta property=\"og:url\" content=\"https:\/\/www.cezarint.pl\/en\/sklep\/optyka\/swiatlowody\/wlokna-cir\/\" \/>\n<meta property=\"og:site_name\" content=\"Cezar International\" \/>\n<meta property=\"article:modified_time\" content=\"2021-08-18T13:42:47+00:00\" \/>\n<meta property=\"og:image\" content=\"https:\/\/www.cezarint.pl\/wp-content\/uploads\/2021\/07\/smjjzm_szpula.jpg\" \/>\n\t<meta property=\"og:image:width\" content=\"327\" \/>\n\t<meta property=\"og:image:height\" content=\"407\" \/>\n\t<meta property=\"og:image:type\" content=\"image\/jpeg\" \/>\n<meta name=\"twitter:card\" content=\"summary_large_image\" \/>\n<meta name=\"twitter:label1\" content=\"Est. reading time\" \/>\n\t<meta name=\"twitter:data1\" content=\"1 minute\" \/>\n<script type=\"application\/ld+json\" class=\"yoast-schema-graph\">{\"@context\":\"https:\/\/schema.org\",\"@graph\":[{\"@type\":\"WebPage\",\"@id\":\"https:\/\/www.cezarint.pl\/sklep\/optyka\/swiatlowody\/wlokna-cir\/\",\"url\":\"https:\/\/www.cezarint.pl\/sklep\/optyka\/swiatlowody\/wlokna-cir\/\",\"name\":\"W\u0142\u00f3kna CIR - Cezar International\",\"isPartOf\":{\"@id\":\"https:\/\/www.cezarint.pl\/#website\"},\"primaryImageOfPage\":{\"@id\":\"https:\/\/www.cezarint.pl\/sklep\/optyka\/swiatlowody\/wlokna-cir\/#primaryimage\"},\"image\":{\"@id\":\"https:\/\/www.cezarint.pl\/sklep\/optyka\/swiatlowody\/wlokna-cir\/#primaryimage\"},\"thumbnailUrl\":\"https:\/\/www.cezarint.pl\/wp-content\/uploads\/2021\/07\/smjjzm_szpula.jpg\",\"datePublished\":\"2021-07-05T16:14:18+00:00\",\"dateModified\":\"2021-08-18T13:42:47+00:00\",\"breadcrumb\":{\"@id\":\"https:\/\/www.cezarint.pl\/sklep\/optyka\/swiatlowody\/wlokna-cir\/#breadcrumb\"},\"inLanguage\":\"en-US\",\"potentialAction\":[{\"@type\":\"ReadAction\",\"target\":[\"https:\/\/www.cezarint.pl\/sklep\/optyka\/swiatlowody\/wlokna-cir\/\"]}]},{\"@type\":\"ImageObject\",\"inLanguage\":\"en-US\",\"@id\":\"https:\/\/www.cezarint.pl\/sklep\/optyka\/swiatlowody\/wlokna-cir\/#primaryimage\",\"url\":\"https:\/\/www.cezarint.pl\/wp-content\/uploads\/2021\/07\/smjjzm_szpula.jpg\",\"contentUrl\":\"https:\/\/www.cezarint.pl\/wp-content\/uploads\/2021\/07\/smjjzm_szpula.jpg\",\"width\":327,\"height\":407},{\"@type\":\"BreadcrumbList\",\"@id\":\"https:\/\/www.cezarint.pl\/sklep\/optyka\/swiatlowody\/wlokna-cir\/#breadcrumb\",\"itemListElement\":[{\"@type\":\"ListItem\",\"position\":1,\"name\":\"Strona g\u0142\u00f3wna\",\"item\":\"https:\/\/www.cezarint.pl\/\"},{\"@type\":\"ListItem\",\"position\":2,\"name\":\"Sklep\",\"item\":\"https:\/\/www.cezarint.pl\/sklep\/\"},{\"@type\":\"ListItem\",\"position\":3,\"name\":\"W\u0142\u00f3kna CIR\"}]},{\"@type\":\"WebSite\",\"@id\":\"https:\/\/www.cezarint.pl\/#website\",\"url\":\"https:\/\/www.cezarint.pl\/\",\"name\":\"Cezar International\",\"description\":\"Kaletnictwo &amp; Optyka\",\"publisher\":{\"@id\":\"https:\/\/www.cezarint.pl\/#organization\"},\"potentialAction\":[{\"@type\":\"SearchAction\",\"target\":{\"@type\":\"EntryPoint\",\"urlTemplate\":\"https:\/\/www.cezarint.pl\/?s={search_term_string}\"},\"query-input\":{\"@type\":\"PropertyValueSpecification\",\"valueRequired\":true,\"valueName\":\"search_term_string\"}}],\"inLanguage\":\"en-US\"},{\"@type\":\"Organization\",\"@id\":\"https:\/\/www.cezarint.pl\/#organization\",\"name\":\"Cezar International\",\"url\":\"https:\/\/www.cezarint.pl\/\",\"logo\":{\"@type\":\"ImageObject\",\"inLanguage\":\"en-US\",\"@id\":\"https:\/\/www.cezarint.pl\/#\/schema\/logo\/image\/\",\"url\":\"https:\/\/www.cezarint.pl\/wp-content\/uploads\/2021\/07\/cezarint_full_logo_type2.png\",\"contentUrl\":\"https:\/\/www.cezarint.pl\/wp-content\/uploads\/2021\/07\/cezarint_full_logo_type2.png\",\"width\":383,\"height\":244,\"caption\":\"Cezar International\"},\"image\":{\"@id\":\"https:\/\/www.cezarint.pl\/#\/schema\/logo\/image\/\"}}]}<\/script>\n<!-- \/ Yoast SEO plugin. -->","yoast_head_json":{"title":"W\u0142\u00f3kna CIR - Cezar International","robots":{"index":"index","follow":"follow","max-snippet":"max-snippet:-1","max-image-preview":"max-image-preview:large","max-video-preview":"max-video-preview:-1"},"canonical":"https:\/\/www.cezarint.pl\/en\/sklep\/optyka\/swiatlowody\/wlokna-cir\/","og_locale":"en_US","og_type":"article","og_title":"W\u0142\u00f3kna CIR - Cezar International","og_description":"\u015awiat\u0142owody chalkogenidowe \u2013Chalcogenide IR glass fibers (CIR)","og_url":"https:\/\/www.cezarint.pl\/en\/sklep\/optyka\/swiatlowody\/wlokna-cir\/","og_site_name":"Cezar International","article_modified_time":"2021-08-18T13:42:47+00:00","og_image":[{"width":327,"height":407,"url":"https:\/\/www.cezarint.pl\/wp-content\/uploads\/2021\/07\/smjjzm_szpula.jpg","type":"image\/jpeg"}],"twitter_card":"summary_large_image","twitter_misc":{"Est. reading time":"1 minute"},"schema":{"@context":"https:\/\/schema.org","@graph":[{"@type":"WebPage","@id":"https:\/\/www.cezarint.pl\/sklep\/optyka\/swiatlowody\/wlokna-cir\/","url":"https:\/\/www.cezarint.pl\/sklep\/optyka\/swiatlowody\/wlokna-cir\/","name":"W\u0142\u00f3kna CIR - Cezar International","isPartOf":{"@id":"https:\/\/www.cezarint.pl\/#website"},"primaryImageOfPage":{"@id":"https:\/\/www.cezarint.pl\/sklep\/optyka\/swiatlowody\/wlokna-cir\/#primaryimage"},"image":{"@id":"https:\/\/www.cezarint.pl\/sklep\/optyka\/swiatlowody\/wlokna-cir\/#primaryimage"},"thumbnailUrl":"https:\/\/www.cezarint.pl\/wp-content\/uploads\/2021\/07\/smjjzm_szpula.jpg","datePublished":"2021-07-05T16:14:18+00:00","dateModified":"2021-08-18T13:42:47+00:00","breadcrumb":{"@id":"https:\/\/www.cezarint.pl\/sklep\/optyka\/swiatlowody\/wlokna-cir\/#breadcrumb"},"inLanguage":"en-US","potentialAction":[{"@type":"ReadAction","target":["https:\/\/www.cezarint.pl\/sklep\/optyka\/swiatlowody\/wlokna-cir\/"]}]},{"@type":"ImageObject","inLanguage":"en-US","@id":"https:\/\/www.cezarint.pl\/sklep\/optyka\/swiatlowody\/wlokna-cir\/#primaryimage","url":"https:\/\/www.cezarint.pl\/wp-content\/uploads\/2021\/07\/smjjzm_szpula.jpg","contentUrl":"https:\/\/www.cezarint.pl\/wp-content\/uploads\/2021\/07\/smjjzm_szpula.jpg","width":327,"height":407},{"@type":"BreadcrumbList","@id":"https:\/\/www.cezarint.pl\/sklep\/optyka\/swiatlowody\/wlokna-cir\/#breadcrumb","itemListElement":[{"@type":"ListItem","position":1,"name":"Strona g\u0142\u00f3wna","item":"https:\/\/www.cezarint.pl\/"},{"@type":"ListItem","position":2,"name":"Sklep","item":"https:\/\/www.cezarint.pl\/sklep\/"},{"@type":"ListItem","position":3,"name":"W\u0142\u00f3kna CIR"}]},{"@type":"WebSite","@id":"https:\/\/www.cezarint.pl\/#website","url":"https:\/\/www.cezarint.pl\/","name":"Cezar International","description":"Fabrics, accessories &amp; Optics","publisher":{"@id":"https:\/\/www.cezarint.pl\/#organization"},"potentialAction":[{"@type":"SearchAction","target":{"@type":"EntryPoint","urlTemplate":"https:\/\/www.cezarint.pl\/?s={search_term_string}"},"query-input":{"@type":"PropertyValueSpecification","valueRequired":true,"valueName":"search_term_string"}}],"inLanguage":"en-US"},{"@type":"Organization","@id":"https:\/\/www.cezarint.pl\/#organization","name":"Cezar International","url":"https:\/\/www.cezarint.pl\/","logo":{"@type":"ImageObject","inLanguage":"en-US","@id":"https:\/\/www.cezarint.pl\/#\/schema\/logo\/image\/","url":"https:\/\/www.cezarint.pl\/wp-content\/uploads\/2021\/07\/cezarint_full_logo_type2.png","contentUrl":"https:\/\/www.cezarint.pl\/wp-content\/uploads\/2021\/07\/cezarint_full_logo_type2.png","width":383,"height":244,"caption":"Cezar International"},"image":{"@id":"https:\/\/www.cezarint.pl\/#\/schema\/logo\/image\/"}}]}},"_links":{"self":[{"href":"https:\/\/www.cezarint.pl\/en\/wp-json\/wp\/v2\/product\/380","targetHints":{"allow":["GET"]}}],"collection":[{"href":"https:\/\/www.cezarint.pl\/en\/wp-json\/wp\/v2\/product"}],"about":[{"href":"https:\/\/www.cezarint.pl\/en\/wp-json\/wp\/v2\/types\/product"}],"wp:featuredmedia":[{"embeddable":true,"href":"https:\/\/www.cezarint.pl\/en\/wp-json\/wp\/v2\/media\/451"}],"wp:attachment":[{"href":"https:\/\/www.cezarint.pl\/en\/wp-json\/wp\/v2\/media?parent=380"}],"wp:term":[{"taxonomy":"product_cat","embeddable":true,"href":"https:\/\/www.cezarint.pl\/en\/wp-json\/wp\/v2\/product_cat?post=380"},{"taxonomy":"product_tag","embeddable":true,"href":"https:\/\/www.cezarint.pl\/en\/wp-json\/wp\/v2\/product_tag?post=380"}],"curies":[{"name":"wp","href":"https:\/\/api.w.org\/{rel}","templated":true}]}}