{"id":75,"date":"2020-01-27T08:29:32","date_gmt":"2020-01-27T07:29:32","guid":{"rendered":"https:\/\/demosites.io\/web-agency-gb\/?page_id=75"},"modified":"2021-07-05T17:46:38","modified_gmt":"2021-07-05T15:46:38","slug":"kontakt","status":"publish","type":"page","link":"https:\/\/www.cezarint.pl\/en\/kontakt\/","title":{"rendered":"Contact"},"content":{"rendered":"<div class=\"wp-block-cover alignfull has-nv-site-bg-background-color has-background-dim\" style=\"min-height:300px;aspect-ratio:unset;\"><div class=\"wp-block-cover__inner-container is-layout-flow wp-block-cover-is-layout-flow\"><div class=\"wp-block-group\"><div class=\"wp-block-group__inner-container is-layout-flow wp-block-group-is-layout-flow\"><h1 class=\"has-text-align-left has-neve-text-color-color has-text-color wp-block-heading\">Skontaktuj si\u0119!<\/h1><\/div><\/div><\/div><\/div><div class=\"wp-block-cover alignfull has-nv-light-bg-background-color has-background-dim\" style=\"min-height:420px;aspect-ratio:unset;\"><div class=\"wp-block-cover__inner-container is-layout-flow wp-block-cover-is-layout-flow\"><div style=\"height:80px\" aria-hidden=\"true\" class=\"wp-block-spacer\"><\/div>\n\n<div class=\"wp-block-columns is-layout-flex wp-container-core-columns-is-layout-9d6595d7 wp-block-columns-is-layout-flex\"><div class=\"wp-block-column is-layout-flow wp-block-column-is-layout-flow\" style=\"flex-basis:33.33%\"><p><span class=\"has-inline-color has-neve-text-color-color\">Telefon:<br>Tel.: (+48 42) 215 81 94<br>Kom.: 604 616 500<br>Kom.: 500 005 572<br><br>Email:<br>info@cezarint.pl<\/span><br><\/p><\/div>\n\n<div class=\"wp-block-column is-layout-flow wp-block-column-is-layout-flow\" style=\"flex-basis:66.66%\"><div class=\"wp-block-webfactory-map\"><div class=\"wp-block-webfactory-map\"><iframe loading=\"lazy\" width=\"100%\" height=\"213px\" src=\"https:\/\/www.google.com\/maps\/embed\/v1\/place?q=Tymiankowa%2041&amp;maptype=roadmap&amp;zoom=11&amp;key=AIzaSyAjyDspiPfzEfjRSS5fQzm-3jHFjHxeXB4\" frameborder=\"0\"><\/iframe><\/div><\/div><\/div><\/div>\n\n<div style=\"height:30px\" aria-hidden=\"true\" class=\"wp-block-spacer\"><\/div><\/div><\/div><div class=\"wp-block-cover alignfull has-nv-dark-bg-background-color has-background-dim\" style=\"min-height:600px;aspect-ratio:unset;\"><div class=\"wp-block-cover__inner-container is-layout-flow wp-block-cover-is-layout-flow\"><div class=\"wp-block-group\"><div class=\"wp-block-group__inner-container is-layout-flow wp-block-group-is-layout-flow\"><div style=\"height:80px\" aria-hidden=\"true\" class=\"wp-block-spacer\"><\/div>\n\n<div class=\"wpforms-container wpforms-container-full wpforms-block\" id=\"wpforms-342\"><form id=\"wpforms-form-342\" class=\"wpforms-validate wpforms-form\" data-formid=\"342\" method=\"post\" enctype=\"multipart\/form-data\" action=\"\/en\/wp-json\/wp\/v2\/pages\/75\" data-token=\"f93250d5ae04d424f770fa7f93bbd781\" data-token-time=\"1776580039\" data-trp-original-action=\"\/en\/wp-json\/wp\/v2\/pages\/75\"><noscript class=\"wpforms-error-noscript\">Please enable JavaScript in your browser to complete this form.<\/noscript><div class=\"wpforms-field-container\"><div id=\"wpforms-342-field_0-container\" class=\"wpforms-field wpforms-field-name\" data-field-id=\"0\"><label class=\"wpforms-field-label\" for=\"wpforms-342-field_0\">Imi\u0119 lub nazwa firmy <span class=\"wpforms-required-label\">*<\/span><\/label><input type=\"text\" id=\"wpforms-342-field_0\" class=\"wpforms-field-medium wpforms-field-required\" name=\"wpforms[fields][0]\" required><\/div><div id=\"wpforms-342-field_1-container\" class=\"wpforms-field wpforms-field-email\" data-field-id=\"1\"><label class=\"wpforms-field-label\" for=\"wpforms-342-field_1\">Email <span class=\"wpforms-required-label\">*<\/span><\/label><input type=\"email\" id=\"wpforms-342-field_1\" class=\"wpforms-field-medium wpforms-field-required\" name=\"wpforms[fields][1]\" spellcheck=\"false\" required><\/div><div id=\"wpforms-342-field_4-container\" class=\"wpforms-field wpforms-field-number\" data-field-id=\"4\"><label class=\"wpforms-field-label\" for=\"wpforms-342-field_4\">Telefon<\/label><input type=\"number\" id=\"wpforms-342-field_4\" class=\"wpforms-field-medium\" name=\"wpforms[fields][4]\" ><\/div><div id=\"wpforms-342-field_5-container\" class=\"wpforms-field wpforms-field-text\" data-field-id=\"5\"><label class=\"wpforms-field-label\" for=\"wpforms-342-field_5\">Tytu\u0142 wiadomo\u015bci <span class=\"wpforms-required-label\">*<\/span><\/label><input type=\"text\" id=\"wpforms-342-field_5\" class=\"wpforms-field-medium wpforms-field-required\" name=\"wpforms[fields][5]\" required><\/div><div id=\"wpforms-342-field_2-container\" class=\"wpforms-field wpforms-field-textarea\" data-field-id=\"2\"><label class=\"wpforms-field-label\" for=\"wpforms-342-field_2\">Tre\u015b\u0107 wiadomo\u015bci <span class=\"wpforms-required-label\">*<\/span><\/label><textarea id=\"wpforms-342-field_2\" class=\"wpforms-field-medium wpforms-field-required\" name=\"wpforms[fields][2]\" required><\/textarea><\/div><\/div><!-- .wpforms-field-container --><div class=\"wpforms-recaptcha-container wpforms-is-recaptcha wpforms-is-recaptcha-type-v3\" ><input type=\"hidden\" name=\"wpforms[recaptcha]\" value=\"\"><\/div><div class=\"wpforms-submit-container\" ><input type=\"hidden\" name=\"wpforms[id]\" value=\"342\"><input type=\"hidden\" name=\"page_title\" value=\"\"><input type=\"hidden\" name=\"page_url\" value=\"https:\/\/www.cezarint.pl\/en\/wp-json\/wp\/v2\/pages\/75\"><button type=\"submit\" name=\"wpforms[submit]\" id=\"wpforms-submit-342\" class=\"wpforms-submit\" data-alt-text=\"Wysy\u0142anie...\" data-submit-text=\"Wy\u015blij\" aria-live=\"assertive\" value=\"wpforms-submit\">Wy\u015blij<\/button><\/div><input type=\"hidden\" name=\"trp-form-language\" value=\"en\"\/><\/form><\/div>  <!-- .wpforms-container -->\n\n<div style=\"height:40px\" aria-hidden=\"true\" class=\"wp-block-spacer\"><\/div><\/div><\/div><\/div><\/div>","protected":false},"excerpt":{"rendered":"","protected":false},"author":1,"featured_media":0,"parent":0,"menu_order":0,"comment_status":"closed","ping_status":"closed","template":"","meta":{"neve_meta_sidebar":"default","neve_meta_container":"","neve_meta_enable_content_width":"on","neve_meta_content_width":100,"neve_meta_title_alignment":"","neve_meta_author_avatar":"","neve_post_elements_order":"","neve_meta_disable_header":"","neve_meta_disable_footer":"","neve_meta_disable_title":"on","_ti_tpc_template_sync":false,"_ti_tpc_template_id":"zuvhy18wufi8o2qqt4z7","footnotes":""},"class_list":["post-75","page","type-page","status-publish","hentry"],"yoast_head":"<!-- This site is optimized with the Yoast SEO plugin v23.9 - https:\/\/yoast.com\/wordpress\/plugins\/seo\/ -->\n<title>Kontakt - Cezar International<\/title>\n<meta name=\"robots\" content=\"index, follow, max-snippet:-1, max-image-preview:large, max-video-preview:-1\" \/>\n<link rel=\"canonical\" href=\"https:\/\/www.cezarint.pl\/en\/kontakt\/\" \/>\n<meta property=\"og:locale\" content=\"en_US\" \/>\n<meta property=\"og:type\" content=\"article\" \/>\n<meta property=\"og:title\" content=\"Kontakt - Cezar International\" \/>\n<meta property=\"og:url\" content=\"https:\/\/www.cezarint.pl\/en\/kontakt\/\" \/>\n<meta property=\"og:site_name\" content=\"Cezar International\" \/>\n<meta property=\"article:modified_time\" content=\"2021-07-05T15:46:38+00:00\" \/>\n<meta name=\"twitter:card\" content=\"summary_large_image\" \/>\n<script type=\"application\/ld+json\" class=\"yoast-schema-graph\">{\"@context\":\"https:\/\/schema.org\",\"@graph\":[{\"@type\":\"WebPage\",\"@id\":\"https:\/\/www.cezarint.pl\/kontakt\/\",\"url\":\"https:\/\/www.cezarint.pl\/kontakt\/\",\"name\":\"Kontakt - Cezar International\",\"isPartOf\":{\"@id\":\"https:\/\/www.cezarint.pl\/#website\"},\"datePublished\":\"2020-01-27T07:29:32+00:00\",\"dateModified\":\"2021-07-05T15:46:38+00:00\",\"breadcrumb\":{\"@id\":\"https:\/\/www.cezarint.pl\/kontakt\/#breadcrumb\"},\"inLanguage\":\"en-US\",\"potentialAction\":[{\"@type\":\"ReadAction\",\"target\":[\"https:\/\/www.cezarint.pl\/kontakt\/\"]}]},{\"@type\":\"BreadcrumbList\",\"@id\":\"https:\/\/www.cezarint.pl\/kontakt\/#breadcrumb\",\"itemListElement\":[{\"@type\":\"ListItem\",\"position\":1,\"name\":\"Strona g\u0142\u00f3wna\",\"item\":\"https:\/\/www.cezarint.pl\/\"},{\"@type\":\"ListItem\",\"position\":2,\"name\":\"Kontakt\"}]},{\"@type\":\"WebSite\",\"@id\":\"https:\/\/www.cezarint.pl\/#website\",\"url\":\"https:\/\/www.cezarint.pl\/\",\"name\":\"Cezar International\",\"description\":\"Kaletnictwo &amp; Optyka\",\"publisher\":{\"@id\":\"https:\/\/www.cezarint.pl\/#organization\"},\"potentialAction\":[{\"@type\":\"SearchAction\",\"target\":{\"@type\":\"EntryPoint\",\"urlTemplate\":\"https:\/\/www.cezarint.pl\/?s={search_term_string}\"},\"query-input\":{\"@type\":\"PropertyValueSpecification\",\"valueRequired\":true,\"valueName\":\"search_term_string\"}}],\"inLanguage\":\"en-US\"},{\"@type\":\"Organization\",\"@id\":\"https:\/\/www.cezarint.pl\/#organization\",\"name\":\"Cezar International\",\"url\":\"https:\/\/www.cezarint.pl\/\",\"logo\":{\"@type\":\"ImageObject\",\"inLanguage\":\"en-US\",\"@id\":\"https:\/\/www.cezarint.pl\/#\/schema\/logo\/image\/\",\"url\":\"https:\/\/www.cezarint.pl\/wp-content\/uploads\/2021\/07\/cezarint_full_logo_type2.png\",\"contentUrl\":\"https:\/\/www.cezarint.pl\/wp-content\/uploads\/2021\/07\/cezarint_full_logo_type2.png\",\"width\":383,\"height\":244,\"caption\":\"Cezar International\"},\"image\":{\"@id\":\"https:\/\/www.cezarint.pl\/#\/schema\/logo\/image\/\"}}]}<\/script>\n<!-- \/ Yoast SEO plugin. -->","yoast_head_json":{"title":"Kontakt - Cezar International","robots":{"index":"index","follow":"follow","max-snippet":"max-snippet:-1","max-image-preview":"max-image-preview:large","max-video-preview":"max-video-preview:-1"},"canonical":"https:\/\/www.cezarint.pl\/en\/kontakt\/","og_locale":"en_US","og_type":"article","og_title":"Kontakt - Cezar International","og_url":"https:\/\/www.cezarint.pl\/en\/kontakt\/","og_site_name":"Cezar International","article_modified_time":"2021-07-05T15:46:38+00:00","twitter_card":"summary_large_image","schema":{"@context":"https:\/\/schema.org","@graph":[{"@type":"WebPage","@id":"https:\/\/www.cezarint.pl\/kontakt\/","url":"https:\/\/www.cezarint.pl\/kontakt\/","name":"Kontakt - Cezar International","isPartOf":{"@id":"https:\/\/www.cezarint.pl\/#website"},"datePublished":"2020-01-27T07:29:32+00:00","dateModified":"2021-07-05T15:46:38+00:00","breadcrumb":{"@id":"https:\/\/www.cezarint.pl\/kontakt\/#breadcrumb"},"inLanguage":"en-US","potentialAction":[{"@type":"ReadAction","target":["https:\/\/www.cezarint.pl\/kontakt\/"]}]},{"@type":"BreadcrumbList","@id":"https:\/\/www.cezarint.pl\/kontakt\/#breadcrumb","itemListElement":[{"@type":"ListItem","position":1,"name":"Strona g\u0142\u00f3wna","item":"https:\/\/www.cezarint.pl\/"},{"@type":"ListItem","position":2,"name":"Kontakt"}]},{"@type":"WebSite","@id":"https:\/\/www.cezarint.pl\/#website","url":"https:\/\/www.cezarint.pl\/","name":"Cezar International","description":"Fabrics, accessories &amp; Optics","publisher":{"@id":"https:\/\/www.cezarint.pl\/#organization"},"potentialAction":[{"@type":"SearchAction","target":{"@type":"EntryPoint","urlTemplate":"https:\/\/www.cezarint.pl\/?s={search_term_string}"},"query-input":{"@type":"PropertyValueSpecification","valueRequired":true,"valueName":"search_term_string"}}],"inLanguage":"en-US"},{"@type":"Organization","@id":"https:\/\/www.cezarint.pl\/#organization","name":"Cezar International","url":"https:\/\/www.cezarint.pl\/","logo":{"@type":"ImageObject","inLanguage":"en-US","@id":"https:\/\/www.cezarint.pl\/#\/schema\/logo\/image\/","url":"https:\/\/www.cezarint.pl\/wp-content\/uploads\/2021\/07\/cezarint_full_logo_type2.png","contentUrl":"https:\/\/www.cezarint.pl\/wp-content\/uploads\/2021\/07\/cezarint_full_logo_type2.png","width":383,"height":244,"caption":"Cezar International"},"image":{"@id":"https:\/\/www.cezarint.pl\/#\/schema\/logo\/image\/"}}]}},"_links":{"self":[{"href":"https:\/\/www.cezarint.pl\/en\/wp-json\/wp\/v2\/pages\/75","targetHints":{"allow":["GET"]}}],"collection":[{"href":"https:\/\/www.cezarint.pl\/en\/wp-json\/wp\/v2\/pages"}],"about":[{"href":"https:\/\/www.cezarint.pl\/en\/wp-json\/wp\/v2\/types\/page"}],"author":[{"embeddable":true,"href":"https:\/\/www.cezarint.pl\/en\/wp-json\/wp\/v2\/users\/1"}],"replies":[{"embeddable":true,"href":"https:\/\/www.cezarint.pl\/en\/wp-json\/wp\/v2\/comments?post=75"}],"version-history":[{"count":6,"href":"https:\/\/www.cezarint.pl\/en\/wp-json\/wp\/v2\/pages\/75\/revisions"}],"predecessor-version":[{"id":1361,"href":"https:\/\/www.cezarint.pl\/en\/wp-json\/wp\/v2\/pages\/75\/revisions\/1361"}],"wp:attachment":[{"href":"https:\/\/www.cezarint.pl\/en\/wp-json\/wp\/v2\/media?parent=75"}],"curies":[{"name":"wp","href":"https:\/\/api.w.org\/{rel}","templated":true}]}}