{"id":61,"date":"2020-01-23T18:21:52","date_gmt":"2020-01-23T17:21:52","guid":{"rendered":"https:\/\/demosites.io\/web-agency-gb\/?page_id=61"},"modified":"2022-05-26T15:41:00","modified_gmt":"2022-05-26T13:41:00","slug":"o-nas","status":"publish","type":"page","link":"https:\/\/www.cezarint.pl\/en\/o-nas\/","title":{"rendered":"About us"},"content":{"rendered":"<div class=\"wp-block-cover alignfull\" style=\"min-height:300px;aspect-ratio:unset;\"><span aria-hidden=\"true\" class=\"wp-block-cover__background has-nv-site-bg-background-color has-background-dim-100 has-background-dim\"><\/span><div class=\"wp-block-cover__inner-container is-layout-flow wp-block-cover-is-layout-flow\"><div class=\"wp-block-group\"><div class=\"wp-block-group__inner-container is-layout-flow wp-block-group-is-layout-flow\"><h1 class=\"has-text-align-left has-neve-text-color-color has-text-color wp-block-heading\">Kim jeste\u015bmy?<\/h1><\/div><\/div>\n\n<p><mark style=\"background-color:rgba(0, 0, 0, 0)\" class=\"has-inline-color has-neve-text-color-color\">Firma\u00a0<strong>Cezar International<\/strong>\u00a0<strong>Sp. J. Wojciechowski<\/strong>\u00a0rozpocz\u0119\u0142a swoj\u0105 dzia\u0142alno\u015b\u0107 w 1998 roku. Obecnie zakres dzia\u0142alno\u015bci Naszej firmy obejmuje dzia\u0142y:\u00a0 <mark style=\"background-color:rgba(0, 0, 0, 0)\" class=\"has-inline-color has-neve-text-color-color\"><strong>Fabrics and Accessories<\/strong><\/mark> <strong>Optics<\/strong>\u00a0oraz\u00a0<strong> <mark style=\"background-color:rgba(0, 0, 0, 0)\" class=\"has-inline-color has-neve-text-color-color\"><strong>Optics<\/strong><\/mark><\/strong>.<\/mark><br><br><mark style=\"background-color:rgba(0, 0, 0, 0)\" class=\"has-inline-color has-neve-text-color-color\">Dzi\u0119ki sta\u0142ej wsp\u00f3\u0142pracy ze sprawdzonymi dostawcami jeste\u015bmy w stanie zaoferowa\u0107 Pa\u0144stwu produkty spe\u0142niaj\u0105ce Pa\u0144stwa oczekiwania w obszarze zar\u00f3wno technicznym jak i jako\u015bciowym.<\/mark><\/p><\/div><\/div><div class=\"wp-block-cover alignfull\" style=\"min-height:600px;aspect-ratio:unset;\"><span aria-hidden=\"true\" class=\"wp-block-cover__background has-nv-light-bg-background-color has-background-dim-100 has-background-dim\"><\/span><div class=\"wp-block-cover__inner-container is-layout-flow wp-block-cover-is-layout-flow\"><div class=\"wp-block-group\"><div class=\"wp-block-group__inner-container is-layout-flow wp-block-group-is-layout-flow\"><div style=\"height:80px\" aria-hidden=\"true\" class=\"wp-block-spacer\"><\/div>\n\n<div class=\"wp-block-columns are-vertically-aligned-center is-layout-flex wp-container-core-columns-is-layout-9d6595d7 wp-block-columns-is-layout-flex\"><div class=\"wp-block-column is-vertically-aligned-center is-layout-flow wp-block-column-is-layout-flow\" style=\"flex-basis:50%\"><figure class=\"wp-block-image size-large\"><img loading=\"lazy\" decoding=\"async\" width=\"1024\" height=\"683\" src=\"http:\/\/www.cezarint.pl\/1_nowastrona\/wp-content\/uploads\/2021\/07\/pexels-kevin-menajang-982660-1024x683.jpg\" alt=\"\" class=\"wp-image-418\" srcset=\"https:\/\/www.cezarint.pl\/wp-content\/uploads\/2021\/07\/pexels-kevin-menajang-982660-1024x683.jpg 1024w, https:\/\/www.cezarint.pl\/wp-content\/uploads\/2021\/07\/pexels-kevin-menajang-982660-300x200.jpg 300w, https:\/\/www.cezarint.pl\/wp-content\/uploads\/2021\/07\/pexels-kevin-menajang-982660-768x512.jpg 768w, https:\/\/www.cezarint.pl\/wp-content\/uploads\/2021\/07\/pexels-kevin-menajang-982660-1536x1024.jpg 1536w, https:\/\/www.cezarint.pl\/wp-content\/uploads\/2021\/07\/pexels-kevin-menajang-982660-2048x1365.jpg 2048w, https:\/\/www.cezarint.pl\/wp-content\/uploads\/2021\/07\/pexels-kevin-menajang-982660-930x620.jpg 930w, https:\/\/www.cezarint.pl\/wp-content\/uploads\/2021\/07\/pexels-kevin-menajang-982660-600x400.jpg 600w\" sizes=\"auto, (max-width: 1024px) 100vw, 1024px\" \/><\/figure><\/div>\n\n<div class=\"wp-block-column is-vertically-aligned-center is-layout-flow wp-block-column-is-layout-flow\" style=\"flex-basis:50%\"><h2 class=\"has-neve-text-color-color has-text-color wp-block-heading\">Fabrics and Accessories<\/h2>\n\n<p class=\"has-neve-text-color-color has-text-color\">W ramach dzia\u0142u\u00a0<strong>Fabrics and Accessories\u00a0<\/strong>oferujemy Pa\u0144stwu w bogatej gamie kolorystycznej wszelkiego rodzaju tkaniny kaletnicze (m.in. kodura, oxford, podszewki). Ponadto w Naszej ofercie znajdziecie Pa\u0144stwo podszewki, siatki, dzianiny dystansowe, neopren, ta\u015bmy no\u015bne, ta\u015bmy suwakowe, rzepy oraz szereg metalowych i plastikowych dodatk\u00f3w kaletniczych. Ca\u0142y nasz asortyment uzupe\u0142niaj\u0105 k\u00f3\u0142ka i stela\u017ce do toreb turystycznych i plecak\u00f3w.<\/p><\/div><\/div>\n\n<div style=\"height:40px\" aria-hidden=\"true\" class=\"wp-block-spacer\"><\/div><\/div><\/div><\/div><\/div><div class=\"wp-block-cover alignfull\" style=\"min-height:600px;aspect-ratio:unset;\"><span aria-hidden=\"true\" class=\"wp-block-cover__background has-nv-dark-bg-background-color has-background-dim-100 has-background-dim\"><\/span><div class=\"wp-block-cover__inner-container is-layout-flow wp-block-cover-is-layout-flow\"><div class=\"wp-block-group\"><div class=\"wp-block-group__inner-container is-layout-flow wp-block-group-is-layout-flow\"><div style=\"height:80px\" aria-hidden=\"true\" class=\"wp-block-spacer\"><\/div>\n\n<div class=\"wp-block-columns are-vertically-aligned-center is-layout-flex wp-container-core-columns-is-layout-9d6595d7 wp-block-columns-is-layout-flex\"><div class=\"wp-block-column is-vertically-aligned-center is-layout-flow wp-block-column-is-layout-flow\" style=\"flex-basis:50%\"><h2 class=\"has-nv-text-dark-bg-color has-text-color wp-block-heading\">Optics<\/h2>\n\n<p class=\"has-nv-text-dark-bg-color has-text-color\">W ramach dzia\u0142u&nbsp;<strong>Optics&nbsp;<\/strong>oferujemy Pa\u0144stwu kompletne rozwi\u0105zania z zakresu technik \u015bwiat\u0142owodowych znajduj\u0105cych&nbsp;&nbsp;zastosowanie&nbsp;&nbsp;w medycynie, w przemy\u015ble i R&amp;D. W naszej ofercie znajd\u0105 Pa\u0144stwo mi\u0119dzy innymi spektrometry,&nbsp;&nbsp;sondy do spektroskopii, sondy medyczne, tipsy dentystyczne, tipsy do sumator\u00f3w, sumatory, wi\u0105zki \u015bwiat\u0142owodowe, kable do laser\u00f3w a tak\u017ce kwarcowe oraz polimerowe w\u0142\u00f3kna \u015bwiat\u0142owodowe. Dost\u0119pny asortyment w tym dziale uzupe\u0142niaj\u0105 &nbsp;mikroskopy oraz choinki \u015bwiat\u0142owodowe.<\/p>\n\n<div class=\"wp-block-buttons is-layout-flex wp-block-buttons-is-layout-flex\"><\/div>\n\n<div style=\"height:20px\" aria-hidden=\"true\" class=\"wp-block-spacer\"><\/div><\/div>\n\n<div class=\"wp-block-column is-vertically-aligned-center is-layout-flow wp-block-column-is-layout-flow\" style=\"flex-basis:50%\"><figure class=\"wp-block-image size-large\"><img loading=\"lazy\" decoding=\"async\" width=\"1024\" height=\"683\" src=\"http:\/\/www.cezarint.pl\/1_nowastrona\/wp-content\/uploads\/2021\/07\/denny-muller-JyRTi3LoQnc-unsplash-1024x683.jpg\" alt=\"\" class=\"wp-image-417\" srcset=\"https:\/\/www.cezarint.pl\/wp-content\/uploads\/2021\/07\/denny-muller-JyRTi3LoQnc-unsplash-1024x683.jpg 1024w, https:\/\/www.cezarint.pl\/wp-content\/uploads\/2021\/07\/denny-muller-JyRTi3LoQnc-unsplash-300x200.jpg 300w, https:\/\/www.cezarint.pl\/wp-content\/uploads\/2021\/07\/denny-muller-JyRTi3LoQnc-unsplash-768x512.jpg 768w, https:\/\/www.cezarint.pl\/wp-content\/uploads\/2021\/07\/denny-muller-JyRTi3LoQnc-unsplash-1536x1024.jpg 1536w, https:\/\/www.cezarint.pl\/wp-content\/uploads\/2021\/07\/denny-muller-JyRTi3LoQnc-unsplash-2048x1365.jpg 2048w, https:\/\/www.cezarint.pl\/wp-content\/uploads\/2021\/07\/denny-muller-JyRTi3LoQnc-unsplash-930x620.jpg 930w, https:\/\/www.cezarint.pl\/wp-content\/uploads\/2021\/07\/denny-muller-JyRTi3LoQnc-unsplash-600x400.jpg 600w\" sizes=\"auto, (max-width: 1024px) 100vw, 1024px\" \/><\/figure><\/div><\/div>\n\n<div style=\"height:40px\" aria-hidden=\"true\" class=\"wp-block-spacer\"><\/div><\/div><\/div><\/div><\/div><p class=\"has-text-align-left\"><\/p><p><\/p>","protected":false},"excerpt":{"rendered":"","protected":false},"author":1,"featured_media":0,"parent":0,"menu_order":0,"comment_status":"closed","ping_status":"closed","template":"","meta":{"neve_meta_sidebar":"default","neve_meta_container":"default","neve_meta_enable_content_width":"on","neve_meta_content_width":100,"neve_meta_title_alignment":"","neve_meta_author_avatar":"","neve_post_elements_order":"","neve_meta_disable_header":"","neve_meta_disable_footer":"","neve_meta_disable_title":"on","_ti_tpc_template_sync":false,"_ti_tpc_template_id":"0qhau2t6eoekosrgo1a2","footnotes":""},"class_list":["post-61","page","type-page","status-publish","hentry"],"yoast_head":"<!-- This site is optimized with the Yoast SEO plugin v23.9 - https:\/\/yoast.com\/wordpress\/plugins\/seo\/ -->\n<title>O nas - Cezar International<\/title>\n<meta name=\"robots\" content=\"index, follow, max-snippet:-1, max-image-preview:large, max-video-preview:-1\" \/>\n<link rel=\"canonical\" href=\"https:\/\/www.cezarint.pl\/en\/o-nas\/\" \/>\n<meta property=\"og:locale\" content=\"en_US\" \/>\n<meta property=\"og:type\" content=\"article\" \/>\n<meta property=\"og:title\" content=\"O nas - Cezar International\" \/>\n<meta property=\"og:url\" content=\"https:\/\/www.cezarint.pl\/en\/o-nas\/\" \/>\n<meta property=\"og:site_name\" content=\"Cezar International\" \/>\n<meta property=\"article:modified_time\" content=\"2022-05-26T13:41:00+00:00\" \/>\n<meta property=\"og:image\" content=\"http:\/\/www.cezarint.pl\/1_nowastrona\/wp-content\/uploads\/2021\/07\/pexels-kevin-menajang-982660-1024x683.jpg\" \/>\n<meta name=\"twitter:card\" content=\"summary_large_image\" \/>\n<meta name=\"twitter:label1\" content=\"Est. reading time\" \/>\n\t<meta name=\"twitter:data1\" content=\"2 minutes\" \/>\n<script type=\"application\/ld+json\" class=\"yoast-schema-graph\">{\"@context\":\"https:\/\/schema.org\",\"@graph\":[{\"@type\":\"WebPage\",\"@id\":\"https:\/\/www.cezarint.pl\/o-nas\/\",\"url\":\"https:\/\/www.cezarint.pl\/o-nas\/\",\"name\":\"O nas - Cezar International\",\"isPartOf\":{\"@id\":\"https:\/\/www.cezarint.pl\/#website\"},\"primaryImageOfPage\":{\"@id\":\"https:\/\/www.cezarint.pl\/o-nas\/#primaryimage\"},\"image\":{\"@id\":\"https:\/\/www.cezarint.pl\/o-nas\/#primaryimage\"},\"thumbnailUrl\":\"http:\/\/www.cezarint.pl\/1_nowastrona\/wp-content\/uploads\/2021\/07\/pexels-kevin-menajang-982660-1024x683.jpg\",\"datePublished\":\"2020-01-23T17:21:52+00:00\",\"dateModified\":\"2022-05-26T13:41:00+00:00\",\"breadcrumb\":{\"@id\":\"https:\/\/www.cezarint.pl\/o-nas\/#breadcrumb\"},\"inLanguage\":\"en-US\",\"potentialAction\":[{\"@type\":\"ReadAction\",\"target\":[\"https:\/\/www.cezarint.pl\/o-nas\/\"]}]},{\"@type\":\"ImageObject\",\"inLanguage\":\"en-US\",\"@id\":\"https:\/\/www.cezarint.pl\/o-nas\/#primaryimage\",\"url\":\"http:\/\/www.cezarint.pl\/1_nowastrona\/wp-content\/uploads\/2021\/07\/pexels-kevin-menajang-982660-1024x683.jpg\",\"contentUrl\":\"http:\/\/www.cezarint.pl\/1_nowastrona\/wp-content\/uploads\/2021\/07\/pexels-kevin-menajang-982660-1024x683.jpg\"},{\"@type\":\"BreadcrumbList\",\"@id\":\"https:\/\/www.cezarint.pl\/o-nas\/#breadcrumb\",\"itemListElement\":[{\"@type\":\"ListItem\",\"position\":1,\"name\":\"Strona g\u0142\u00f3wna\",\"item\":\"https:\/\/www.cezarint.pl\/\"},{\"@type\":\"ListItem\",\"position\":2,\"name\":\"O nas\"}]},{\"@type\":\"WebSite\",\"@id\":\"https:\/\/www.cezarint.pl\/#website\",\"url\":\"https:\/\/www.cezarint.pl\/\",\"name\":\"Cezar International\",\"description\":\"Kaletnictwo &amp; Optyka\",\"publisher\":{\"@id\":\"https:\/\/www.cezarint.pl\/#organization\"},\"potentialAction\":[{\"@type\":\"SearchAction\",\"target\":{\"@type\":\"EntryPoint\",\"urlTemplate\":\"https:\/\/www.cezarint.pl\/?s={search_term_string}\"},\"query-input\":{\"@type\":\"PropertyValueSpecification\",\"valueRequired\":true,\"valueName\":\"search_term_string\"}}],\"inLanguage\":\"en-US\"},{\"@type\":\"Organization\",\"@id\":\"https:\/\/www.cezarint.pl\/#organization\",\"name\":\"Cezar International\",\"url\":\"https:\/\/www.cezarint.pl\/\",\"logo\":{\"@type\":\"ImageObject\",\"inLanguage\":\"en-US\",\"@id\":\"https:\/\/www.cezarint.pl\/#\/schema\/logo\/image\/\",\"url\":\"https:\/\/www.cezarint.pl\/wp-content\/uploads\/2021\/07\/cezarint_full_logo_type2.png\",\"contentUrl\":\"https:\/\/www.cezarint.pl\/wp-content\/uploads\/2021\/07\/cezarint_full_logo_type2.png\",\"width\":383,\"height\":244,\"caption\":\"Cezar International\"},\"image\":{\"@id\":\"https:\/\/www.cezarint.pl\/#\/schema\/logo\/image\/\"}}]}<\/script>\n<!-- \/ Yoast SEO plugin. -->","yoast_head_json":{"title":"O nas - Cezar International","robots":{"index":"index","follow":"follow","max-snippet":"max-snippet:-1","max-image-preview":"max-image-preview:large","max-video-preview":"max-video-preview:-1"},"canonical":"https:\/\/www.cezarint.pl\/en\/o-nas\/","og_locale":"en_US","og_type":"article","og_title":"O nas - Cezar International","og_url":"https:\/\/www.cezarint.pl\/en\/o-nas\/","og_site_name":"Cezar International","article_modified_time":"2022-05-26T13:41:00+00:00","og_image":[{"url":"http:\/\/www.cezarint.pl\/1_nowastrona\/wp-content\/uploads\/2021\/07\/pexels-kevin-menajang-982660-1024x683.jpg"}],"twitter_card":"summary_large_image","twitter_misc":{"Est. reading time":"2 minutes"},"schema":{"@context":"https:\/\/schema.org","@graph":[{"@type":"WebPage","@id":"https:\/\/www.cezarint.pl\/o-nas\/","url":"https:\/\/www.cezarint.pl\/o-nas\/","name":"O nas - Cezar International","isPartOf":{"@id":"https:\/\/www.cezarint.pl\/#website"},"primaryImageOfPage":{"@id":"https:\/\/www.cezarint.pl\/o-nas\/#primaryimage"},"image":{"@id":"https:\/\/www.cezarint.pl\/o-nas\/#primaryimage"},"thumbnailUrl":"http:\/\/www.cezarint.pl\/1_nowastrona\/wp-content\/uploads\/2021\/07\/pexels-kevin-menajang-982660-1024x683.jpg","datePublished":"2020-01-23T17:21:52+00:00","dateModified":"2022-05-26T13:41:00+00:00","breadcrumb":{"@id":"https:\/\/www.cezarint.pl\/o-nas\/#breadcrumb"},"inLanguage":"en-US","potentialAction":[{"@type":"ReadAction","target":["https:\/\/www.cezarint.pl\/o-nas\/"]}]},{"@type":"ImageObject","inLanguage":"en-US","@id":"https:\/\/www.cezarint.pl\/o-nas\/#primaryimage","url":"http:\/\/www.cezarint.pl\/1_nowastrona\/wp-content\/uploads\/2021\/07\/pexels-kevin-menajang-982660-1024x683.jpg","contentUrl":"http:\/\/www.cezarint.pl\/1_nowastrona\/wp-content\/uploads\/2021\/07\/pexels-kevin-menajang-982660-1024x683.jpg"},{"@type":"BreadcrumbList","@id":"https:\/\/www.cezarint.pl\/o-nas\/#breadcrumb","itemListElement":[{"@type":"ListItem","position":1,"name":"Strona g\u0142\u00f3wna","item":"https:\/\/www.cezarint.pl\/"},{"@type":"ListItem","position":2,"name":"O nas"}]},{"@type":"WebSite","@id":"https:\/\/www.cezarint.pl\/#website","url":"https:\/\/www.cezarint.pl\/","name":"Cezar International","description":"Fabrics, accessories &amp; Optics","publisher":{"@id":"https:\/\/www.cezarint.pl\/#organization"},"potentialAction":[{"@type":"SearchAction","target":{"@type":"EntryPoint","urlTemplate":"https:\/\/www.cezarint.pl\/?s={search_term_string}"},"query-input":{"@type":"PropertyValueSpecification","valueRequired":true,"valueName":"search_term_string"}}],"inLanguage":"en-US"},{"@type":"Organization","@id":"https:\/\/www.cezarint.pl\/#organization","name":"Cezar International","url":"https:\/\/www.cezarint.pl\/","logo":{"@type":"ImageObject","inLanguage":"en-US","@id":"https:\/\/www.cezarint.pl\/#\/schema\/logo\/image\/","url":"https:\/\/www.cezarint.pl\/wp-content\/uploads\/2021\/07\/cezarint_full_logo_type2.png","contentUrl":"https:\/\/www.cezarint.pl\/wp-content\/uploads\/2021\/07\/cezarint_full_logo_type2.png","width":383,"height":244,"caption":"Cezar International"},"image":{"@id":"https:\/\/www.cezarint.pl\/#\/schema\/logo\/image\/"}}]}},"_links":{"self":[{"href":"https:\/\/www.cezarint.pl\/en\/wp-json\/wp\/v2\/pages\/61","targetHints":{"allow":["GET"]}}],"collection":[{"href":"https:\/\/www.cezarint.pl\/en\/wp-json\/wp\/v2\/pages"}],"about":[{"href":"https:\/\/www.cezarint.pl\/en\/wp-json\/wp\/v2\/types\/page"}],"author":[{"embeddable":true,"href":"https:\/\/www.cezarint.pl\/en\/wp-json\/wp\/v2\/users\/1"}],"replies":[{"embeddable":true,"href":"https:\/\/www.cezarint.pl\/en\/wp-json\/wp\/v2\/comments?post=61"}],"version-history":[{"count":8,"href":"https:\/\/www.cezarint.pl\/en\/wp-json\/wp\/v2\/pages\/61\/revisions"}],"predecessor-version":[{"id":1355,"href":"https:\/\/www.cezarint.pl\/en\/wp-json\/wp\/v2\/pages\/61\/revisions\/1355"}],"wp:attachment":[{"href":"https:\/\/www.cezarint.pl\/en\/wp-json\/wp\/v2\/media?parent=61"}],"curies":[{"name":"wp","href":"https:\/\/api.w.org\/{rel}","templated":true}]}}