{"id":307,"date":"2020-01-13T11:17:52","date_gmt":"2020-01-13T11:17:52","guid":{"rendered":"https:\/\/demosites.io\/web-agency-gb\/?page_id=5"},"modified":"2022-11-02T15:30:18","modified_gmt":"2022-11-02T14:30:18","slug":"15c42-web-agency-gb-home","status":"publish","type":"page","link":"https:\/\/www.cezarint.pl\/en\/","title":{"rendered":"Home"},"content":{"rendered":"<p class=\"has-text-color has-background has-large-font-size\" style=\"color:#0626d7;background-color:#ffe837\"><a href=\"https:\/\/www.cezarint.pl\/en\/product-category\/kaletnictwo\/tkaniny\/poliester-pvc\/\">!! KODURA 600D\/600D i 600D\/300D &#8211; ATRAKCYJNE CENY !!<\/a><\/p><p><\/p><div class=\"wp-block-cover alignfull is-light\" style=\"min-height:700px;aspect-ratio:unset;\"><span aria-hidden=\"true\" class=\"wp-block-cover__background has-background-dim-0 has-background-dim\"><\/span><img loading=\"lazy\" decoding=\"async\" width=\"2560\" height=\"1707\" class=\"wp-block-cover__image-background wp-image-332\" alt=\"\" src=\"http:\/\/www.cezarint.pl\/1_nowastrona\/wp-content\/uploads\/2021\/07\/samson-ZGjbiukp_-A-unsplash-scaled.jpg\" style=\"object-position:50% 50%\" data-object-fit=\"cover\" data-object-position=\"50% 50%\" srcset=\"https:\/\/www.cezarint.pl\/wp-content\/uploads\/2021\/07\/samson-ZGjbiukp_-A-unsplash-scaled.jpg 2560w, https:\/\/www.cezarint.pl\/wp-content\/uploads\/2021\/07\/samson-ZGjbiukp_-A-unsplash-scaled-600x400.jpg 600w, https:\/\/www.cezarint.pl\/wp-content\/uploads\/2021\/07\/samson-ZGjbiukp_-A-unsplash-300x200.jpg 300w, https:\/\/www.cezarint.pl\/wp-content\/uploads\/2021\/07\/samson-ZGjbiukp_-A-unsplash-1024x683.jpg 1024w, https:\/\/www.cezarint.pl\/wp-content\/uploads\/2021\/07\/samson-ZGjbiukp_-A-unsplash-768x512.jpg 768w, https:\/\/www.cezarint.pl\/wp-content\/uploads\/2021\/07\/samson-ZGjbiukp_-A-unsplash-1536x1024.jpg 1536w, https:\/\/www.cezarint.pl\/wp-content\/uploads\/2021\/07\/samson-ZGjbiukp_-A-unsplash-2048x1365.jpg 2048w, https:\/\/www.cezarint.pl\/wp-content\/uploads\/2021\/07\/samson-ZGjbiukp_-A-unsplash-930x620.jpg 930w\" sizes=\"auto, (max-width: 2560px) 100vw, 2560px\" \/><div class=\"wp-block-cover__inner-container is-layout-flow wp-block-cover-is-layout-flow\"><h1 class=\"has-text-align-center has-text-color wp-block-heading\" style=\"color:#121212\"><mark style=\"background-color:rgba(0, 0, 0, 0)\" class=\"has-inline-color has-nv-text-dark-bg-color\">Cezar International<\/mark><\/h1>\n\n<p class=\"has-text-align-center has-nv-site-bg-color has-text-color\">We sell polyester and nylon fabrics and numerous accessories.<\/p>\n\n<p class=\"has-text-align-center has-nv-site-bg-color has-text-color\">W naszej ofercie znajd\u0105 Pa\u0144stwo m. in tkaniny typu kodura, oxford oraz podszewki.<\/p>\n\n<p class=\"has-text-align-center has-text-color\" style=\"color:#121212\"><mark style=\"background-color:rgba(0, 0, 0, 0)\" class=\"has-inline-color has-nv-text-dark-bg-color\">We offer complete solutions in the field of fibre optic technologies, which are used in various areas.<br><\/mark><\/p>\n\n<div class=\"wp-block-buttons is-horizontal is-content-justification-center is-layout-flex wp-container-core-buttons-is-layout-499968f5 wp-block-buttons-is-layout-flex\"><div class=\"wp-block-button is-style-primary\"><a class=\"wp-block-button__link wp-element-button\" href=\"http:\/\/www.cezarint.pl\/en\/1_nowastrona\/o-nas\/\">About us<\/a><\/div>\n\n<div class=\"wp-block-button is-style-secondary\"><a class=\"wp-block-button__link wp-element-button\" href=\"http:\/\/www.cezarint.pl\/en\/product-category\/kaletnictwo\/\">Fabrics and Accessories<\/a><\/div>\n\n<div class=\"wp-block-button is-style-secondary\"><a class=\"wp-block-button__link wp-element-button\" href=\"http:\/\/www.cezarint.pl\/en\/product-category\/optyka\/\">Optics<\/a><\/div><\/div>\n\n<p><\/p><\/div><\/div><div style=\"height:80px\" aria-hidden=\"true\" class=\"wp-block-spacer\"><\/div><div class=\"wp-block-columns is-layout-flex wp-container-core-columns-is-layout-9d6595d7 wp-block-columns-is-layout-flex\"><div class=\"wp-block-column is-layout-flow wp-block-column-is-layout-flow\"><div class=\"wp-block-image icon-style is-style-rounded\"><figure class=\"aligncenter size-large\"><img decoding=\"async\" src=\"http:\/\/www.cezarint.pl\/wp-content\/uploads\/2020\/01\/neve-webdesign-GB-03.png\" alt=\"\" title=\"\"\/><\/figure><\/div>\n\n<h3 class=\"has-text-align-center has-neve-text-color-color has-text-color wp-block-heading\">Competitive prices<\/h3>\n\n<p class=\"has-text-align-center\">Our offer includes articles and services with competitive prices<\/p>\n\n<div style=\"height:20px\" aria-hidden=\"true\" class=\"wp-block-spacer\"><\/div>\n\n<p><\/p><\/div>\n\n<div class=\"wp-block-column is-layout-flow wp-block-column-is-layout-flow\"><div class=\"wp-block-image icon-style is-style-rounded\"><figure class=\"aligncenter size-large\"><img decoding=\"async\" src=\"http:\/\/www.cezarint.pl\/wp-content\/uploads\/2020\/01\/neve-webdesign-GB-04.png\" alt=\"\"\/><\/figure><\/div>\n\n<h3 class=\"has-text-align-center has-neve-text-color-color has-text-color wp-block-heading\">Reliable company<\/h3>\n\n<p class=\"has-text-align-center\">For years, we have been supplying producers of backpacks, bags, first aid kits, tents and many other products. Moreover many companies from Poland and abroad have trusted us in fiber optics area<\/p>\n\n<div style=\"height:20px\" aria-hidden=\"true\" class=\"wp-block-spacer\"><\/div><\/div>\n\n<div class=\"wp-block-column is-layout-flow wp-block-column-is-layout-flow\"><div class=\"wp-block-image icon-style is-style-rounded\"><figure class=\"aligncenter size-large\"><img decoding=\"async\" src=\"http:\/\/www.cezarint.pl\/wp-content\/uploads\/2020\/01\/neve-webdesign-GB-01.png\" alt=\"\"\/><\/figure><\/div>\n\n<h3 class=\"has-text-align-center has-neve-text-color-color has-text-color wp-block-heading\">Proven suppliers<\/h3>\n\n<p class=\"has-text-align-center\">Our suppliers are producers we have been cooperating for many years<\/p>\n\n<div style=\"height:20px\" aria-hidden=\"true\" class=\"wp-block-spacer\"><\/div><\/div><\/div><div style=\"height:80px\" aria-hidden=\"true\" class=\"wp-block-spacer\"><\/div><div class=\"wp-block-cover alignfull is-light\" style=\"min-height:600px;aspect-ratio:unset;\"><span aria-hidden=\"true\" class=\"wp-block-cover__background has-nv-light-bg-background-color has-background-dim-100 has-background-dim\"><\/span><div class=\"wp-block-cover__inner-container is-layout-flow wp-block-cover-is-layout-flow\"><div class=\"wp-block-group\"><div class=\"wp-block-group__inner-container is-layout-flow wp-block-group-is-layout-flow\"><div style=\"height:80px\" aria-hidden=\"true\" class=\"wp-block-spacer\"><\/div>\n\n<div class=\"wp-block-columns are-vertically-aligned-center is-layout-flex wp-container-core-columns-is-layout-9d6595d7 wp-block-columns-is-layout-flex\"><div class=\"wp-block-column is-vertically-aligned-center is-layout-flow wp-block-column-is-layout-flow\" style=\"flex-basis:50%\"><figure class=\"wp-block-image size-large\"><img loading=\"lazy\" decoding=\"async\" width=\"1024\" height=\"683\" src=\"http:\/\/www.cezarint.pl\/1_nowastrona\/wp-content\/uploads\/2021\/07\/devn-V7T7_A0FIIY-unsplash-1024x683.jpg\" alt=\"\" class=\"wp-image-329\" srcset=\"https:\/\/www.cezarint.pl\/wp-content\/uploads\/2021\/07\/devn-V7T7_A0FIIY-unsplash-1024x683.jpg 1024w, https:\/\/www.cezarint.pl\/wp-content\/uploads\/2021\/07\/devn-V7T7_A0FIIY-unsplash-scaled-600x400.jpg 600w, https:\/\/www.cezarint.pl\/wp-content\/uploads\/2021\/07\/devn-V7T7_A0FIIY-unsplash-300x200.jpg 300w, https:\/\/www.cezarint.pl\/wp-content\/uploads\/2021\/07\/devn-V7T7_A0FIIY-unsplash-768x512.jpg 768w, https:\/\/www.cezarint.pl\/wp-content\/uploads\/2021\/07\/devn-V7T7_A0FIIY-unsplash-1536x1024.jpg 1536w, https:\/\/www.cezarint.pl\/wp-content\/uploads\/2021\/07\/devn-V7T7_A0FIIY-unsplash-2048x1365.jpg 2048w, https:\/\/www.cezarint.pl\/wp-content\/uploads\/2021\/07\/devn-V7T7_A0FIIY-unsplash-930x620.jpg 930w\" sizes=\"auto, (max-width: 1024px) 100vw, 1024px\" \/><\/figure><\/div>\n\n<div class=\"wp-block-column is-vertically-aligned-center is-layout-flow wp-block-column-is-layout-flow\" style=\"flex-basis:50%\"><div style=\"height:20px\" aria-hidden=\"true\" class=\"wp-block-spacer\"><\/div>\n\n<h2 class=\"has-text-align-left has-neve-text-color-color has-text-color wp-block-heading\">Fabrics and Accessories<\/h2>\n\n<p class=\"has-text-align-left has-neve-text-color-color has-text-color\" style=\"font-size:17px\">Wide selection of accessories and fabrics makes us often chosen by both wholesale companies and retail customers<\/p>\n\n<div class=\"wp-block-buttons is-horizontal is-content-justification-left is-layout-flex wp-container-core-buttons-is-layout-7e5fce0a wp-block-buttons-is-layout-flex\"><div class=\"wp-block-button is-style-primary\"><a class=\"wp-block-button__link wp-element-button\" href=\"http:\/\/www.cezarint.pl\/en\/product-category\/kaletnictwo\/\">Offer<\/a><\/div><\/div><\/div><\/div>\n\n<div style=\"height:40px\" aria-hidden=\"true\" class=\"wp-block-spacer\"><\/div><\/div><\/div><\/div><\/div><div class=\"wp-block-cover alignfull is-light\" style=\"min-height:600px;aspect-ratio:unset;\"><span aria-hidden=\"true\" class=\"wp-block-cover__background has-nv-site-bg-background-color has-background-dim-100 has-background-dim\"><\/span><div class=\"wp-block-cover__inner-container is-layout-flow wp-block-cover-is-layout-flow\"><div class=\"wp-block-group\"><div class=\"wp-block-group__inner-container is-layout-flow wp-block-group-is-layout-flow\"><div style=\"height:80px\" aria-hidden=\"true\" class=\"wp-block-spacer\"><\/div>\n\n<div class=\"wp-block-columns are-vertically-aligned-center is-layout-flex wp-container-core-columns-is-layout-9d6595d7 wp-block-columns-is-layout-flex\"><div class=\"wp-block-column is-vertically-aligned-center is-layout-flow wp-block-column-is-layout-flow\" style=\"flex-basis:50%\"><h2 class=\"has-text-align-left has-neve-text-color-color has-text-color wp-block-heading\">Fiber Optics<\/h2>\n\n<p class=\"has-text-align-left has-neve-text-color-color has-text-color\" style=\"font-size:17px\">Our products are used in very professional environments. Both medical services and industrial companies are our customers.<\/p>\n\n<div class=\"wp-block-buttons is-horizontal is-content-justification-left is-layout-flex wp-container-core-buttons-is-layout-7e5fce0a wp-block-buttons-is-layout-flex\"><div class=\"wp-block-button is-style-primary\"><a class=\"wp-block-button__link wp-element-button\" href=\"http:\/\/www.cezarint.pl\/en\/product-category\/optyka\/\">Offer<\/a><\/div><\/div>\n\n<div style=\"height:40px\" aria-hidden=\"true\" class=\"wp-block-spacer\"><\/div><\/div>\n\n<div class=\"wp-block-column is-vertically-aligned-center is-layout-flow wp-block-column-is-layout-flow\" style=\"flex-basis:50%\"><figure class=\"wp-block-image size-large\"><img loading=\"lazy\" decoding=\"async\" width=\"1024\" height=\"768\" src=\"http:\/\/www.cezarint.pl\/1_nowastrona\/wp-content\/uploads\/2021\/07\/jj-ying-8bghKxNU1j0-unsplash-1024x768.jpg\" alt=\"\" class=\"wp-image-331\" srcset=\"https:\/\/www.cezarint.pl\/wp-content\/uploads\/2021\/07\/jj-ying-8bghKxNU1j0-unsplash-1024x768.jpg 1024w, https:\/\/www.cezarint.pl\/wp-content\/uploads\/2021\/07\/jj-ying-8bghKxNU1j0-unsplash-scaled-600x450.jpg 600w, https:\/\/www.cezarint.pl\/wp-content\/uploads\/2021\/07\/jj-ying-8bghKxNU1j0-unsplash-300x225.jpg 300w, https:\/\/www.cezarint.pl\/wp-content\/uploads\/2021\/07\/jj-ying-8bghKxNU1j0-unsplash-768x576.jpg 768w, https:\/\/www.cezarint.pl\/wp-content\/uploads\/2021\/07\/jj-ying-8bghKxNU1j0-unsplash-1536x1152.jpg 1536w, https:\/\/www.cezarint.pl\/wp-content\/uploads\/2021\/07\/jj-ying-8bghKxNU1j0-unsplash-2048x1536.jpg 2048w\" sizes=\"auto, (max-width: 1024px) 100vw, 1024px\" \/><\/figure><\/div><\/div>\n\n<div style=\"height:40px\" aria-hidden=\"true\" class=\"wp-block-spacer\"><\/div><\/div><\/div><\/div><\/div><div class=\"wp-block-cover alignfull is-light\" style=\"min-height:300px;aspect-ratio:unset;\"><span aria-hidden=\"true\" class=\"wp-block-cover__background has-nv-dark-bg-background-color has-background-dim-100 has-background-dim\"><\/span><div class=\"wp-block-cover__inner-container is-layout-flow wp-block-cover-is-layout-flow\"><div style=\"height:140px\" aria-hidden=\"true\" class=\"wp-block-spacer\"><\/div>\n\n<h2 class=\"has-text-align-center has-nv-text-dark-bg-color has-text-color wp-block-heading\">Want to know more?<\/h2>\n\n<p class=\"has-text-align-center has-medium-font-size\">We are open to your questions.<br>If you want to know more about the product or place an order, feel free to contact us.<\/p>\n\n<div class=\"wp-block-buttons is-horizontal is-content-justification-center is-layout-flex wp-container-core-buttons-is-layout-499968f5 wp-block-buttons-is-layout-flex\"><div class=\"wp-block-button is-style-primary\"><a class=\"wp-block-button__link wp-element-button\" href=\"http:\/\/www.cezarint.pl\/en\/kontakt\/\">Contact<\/a><\/div><\/div>\n\n<div style=\"height:140px\" aria-hidden=\"true\" class=\"wp-block-spacer\"><\/div><\/div><\/div><p><\/p>","protected":false},"excerpt":{"rendered":"<p>!! KODURA 600D\/600D i 600D\/300D &#8211; ATRAKCYJNE CENY !! Konkurencyjne ceny W naszej ofercie mamy do zaproponowania artyku\u0142y oraz us\u0142ugi w konkurencyjnych cenach Rzetelna firma Od lat zaopatrujemy wiele firm produkuj\u0105cych plecaki, torby, apteczki, namioty i wiele innych produkt\u00f3w. Ponadto w bran\u017cy \u015bwiat\u0142owodowej cieszymy si\u0119 zaufaniem wielu firm z Polski jak i z zagranicy Sprawdzeni&hellip;&nbsp;<a href=\"https:\/\/www.cezarint.pl\/en\/\" rel=\"bookmark\">Read More &raquo;<span class=\"screen-reader-text\">Home<\/span><\/a><\/p>","protected":false},"author":1,"featured_media":0,"parent":0,"menu_order":0,"comment_status":"closed","ping_status":"closed","template":"","meta":{"neve_meta_sidebar":"default","neve_meta_container":"default","neve_meta_enable_content_width":"on","neve_meta_content_width":100,"neve_meta_title_alignment":"","neve_meta_author_avatar":"","neve_post_elements_order":"","neve_meta_disable_header":"","neve_meta_disable_footer":"","neve_meta_disable_title":"on","_ti_tpc_template_sync":false,"_ti_tpc_template_id":"cwhkd9lki581rusuhjti","footnotes":""},"class_list":["post-307","page","type-page","status-publish","hentry"],"yoast_head":"<!-- This site is optimized with the Yoast SEO plugin v23.9 - https:\/\/yoast.com\/wordpress\/plugins\/seo\/ -->\n<title>Home - Cezar International<\/title>\n<meta name=\"robots\" content=\"index, follow, max-snippet:-1, max-image-preview:large, max-video-preview:-1\" \/>\n<link rel=\"canonical\" href=\"https:\/\/www.cezarint.pl\/en\/\" \/>\n<meta property=\"og:locale\" content=\"en_US\" \/>\n<meta property=\"og:type\" content=\"article\" \/>\n<meta property=\"og:title\" content=\"Home - Cezar International\" \/>\n<meta property=\"og:description\" content=\"!! KODURA 600D\/600D i 600D\/300D &#8211; ATRAKCYJNE CENY !! Konkurencyjne ceny W naszej ofercie mamy do zaproponowania artyku\u0142y oraz us\u0142ugi w konkurencyjnych cenach Rzetelna firma Od lat zaopatrujemy wiele firm produkuj\u0105cych plecaki, torby, apteczki, namioty i wiele innych produkt\u00f3w. Ponadto w bran\u017cy \u015bwiat\u0142owodowej cieszymy si\u0119 zaufaniem wielu firm z Polski jak i z zagranicy Sprawdzeni&hellip;&nbsp;Read More &raquo;Home\" \/>\n<meta property=\"og:url\" content=\"https:\/\/www.cezarint.pl\/en\/\" \/>\n<meta property=\"og:site_name\" content=\"Cezar International\" \/>\n<meta property=\"article:modified_time\" content=\"2022-11-02T14:30:18+00:00\" \/>\n<meta property=\"og:image\" content=\"http:\/\/www.cezarint.pl\/1_nowastrona\/wp-content\/uploads\/2021\/07\/samson-ZGjbiukp_-A-unsplash-scaled.jpg\" \/>\n<meta name=\"twitter:card\" content=\"summary_large_image\" \/>\n<meta name=\"twitter:label1\" content=\"Est. reading time\" \/>\n\t<meta name=\"twitter:data1\" content=\"3 minutes\" \/>\n<script type=\"application\/ld+json\" class=\"yoast-schema-graph\">{\"@context\":\"https:\/\/schema.org\",\"@graph\":[{\"@type\":\"WebPage\",\"@id\":\"https:\/\/www.cezarint.pl\/\",\"url\":\"https:\/\/www.cezarint.pl\/\",\"name\":\"Home - Cezar International\",\"isPartOf\":{\"@id\":\"https:\/\/www.cezarint.pl\/#website\"},\"primaryImageOfPage\":{\"@id\":\"https:\/\/www.cezarint.pl\/#primaryimage\"},\"image\":{\"@id\":\"https:\/\/www.cezarint.pl\/#primaryimage\"},\"thumbnailUrl\":\"http:\/\/www.cezarint.pl\/1_nowastrona\/wp-content\/uploads\/2021\/07\/samson-ZGjbiukp_-A-unsplash-scaled.jpg\",\"datePublished\":\"2020-01-13T11:17:52+00:00\",\"dateModified\":\"2022-11-02T14:30:18+00:00\",\"breadcrumb\":{\"@id\":\"https:\/\/www.cezarint.pl\/#breadcrumb\"},\"inLanguage\":\"en-US\",\"potentialAction\":[{\"@type\":\"ReadAction\",\"target\":[\"https:\/\/www.cezarint.pl\/\"]}]},{\"@type\":\"ImageObject\",\"inLanguage\":\"en-US\",\"@id\":\"https:\/\/www.cezarint.pl\/#primaryimage\",\"url\":\"http:\/\/www.cezarint.pl\/1_nowastrona\/wp-content\/uploads\/2021\/07\/samson-ZGjbiukp_-A-unsplash-scaled.jpg\",\"contentUrl\":\"http:\/\/www.cezarint.pl\/1_nowastrona\/wp-content\/uploads\/2021\/07\/samson-ZGjbiukp_-A-unsplash-scaled.jpg\"},{\"@type\":\"BreadcrumbList\",\"@id\":\"https:\/\/www.cezarint.pl\/#breadcrumb\",\"itemListElement\":[{\"@type\":\"ListItem\",\"position\":1,\"name\":\"Strona g\u0142\u00f3wna\",\"item\":\"https:\/\/www.cezarint.pl\/\"},{\"@type\":\"ListItem\",\"position\":2,\"name\":\"Home\"}]},{\"@type\":\"WebSite\",\"@id\":\"https:\/\/www.cezarint.pl\/#website\",\"url\":\"https:\/\/www.cezarint.pl\/\",\"name\":\"Cezar International\",\"description\":\"Kaletnictwo &amp; Optyka\",\"publisher\":{\"@id\":\"https:\/\/www.cezarint.pl\/#organization\"},\"potentialAction\":[{\"@type\":\"SearchAction\",\"target\":{\"@type\":\"EntryPoint\",\"urlTemplate\":\"https:\/\/www.cezarint.pl\/?s={search_term_string}\"},\"query-input\":{\"@type\":\"PropertyValueSpecification\",\"valueRequired\":true,\"valueName\":\"search_term_string\"}}],\"inLanguage\":\"en-US\"},{\"@type\":\"Organization\",\"@id\":\"https:\/\/www.cezarint.pl\/#organization\",\"name\":\"Cezar International\",\"url\":\"https:\/\/www.cezarint.pl\/\",\"logo\":{\"@type\":\"ImageObject\",\"inLanguage\":\"en-US\",\"@id\":\"https:\/\/www.cezarint.pl\/#\/schema\/logo\/image\/\",\"url\":\"https:\/\/www.cezarint.pl\/wp-content\/uploads\/2021\/07\/cezarint_full_logo_type2.png\",\"contentUrl\":\"https:\/\/www.cezarint.pl\/wp-content\/uploads\/2021\/07\/cezarint_full_logo_type2.png\",\"width\":383,\"height\":244,\"caption\":\"Cezar International\"},\"image\":{\"@id\":\"https:\/\/www.cezarint.pl\/#\/schema\/logo\/image\/\"}}]}<\/script>\n<!-- \/ Yoast SEO plugin. -->","yoast_head_json":{"title":"Home - Cezar International","robots":{"index":"index","follow":"follow","max-snippet":"max-snippet:-1","max-image-preview":"max-image-preview:large","max-video-preview":"max-video-preview:-1"},"canonical":"https:\/\/www.cezarint.pl\/en\/","og_locale":"en_US","og_type":"article","og_title":"Home - Cezar International","og_description":"!! KODURA 600D\/600D i 600D\/300D &#8211; ATRAKCYJNE CENY !! Konkurencyjne ceny W naszej ofercie mamy do zaproponowania artyku\u0142y oraz us\u0142ugi w konkurencyjnych cenach Rzetelna firma Od lat zaopatrujemy wiele firm produkuj\u0105cych plecaki, torby, apteczki, namioty i wiele innych produkt\u00f3w. Ponadto w bran\u017cy \u015bwiat\u0142owodowej cieszymy si\u0119 zaufaniem wielu firm z Polski jak i z zagranicy Sprawdzeni&hellip;&nbsp;Read More &raquo;Home","og_url":"https:\/\/www.cezarint.pl\/en\/","og_site_name":"Cezar International","article_modified_time":"2022-11-02T14:30:18+00:00","og_image":[{"url":"http:\/\/www.cezarint.pl\/1_nowastrona\/wp-content\/uploads\/2021\/07\/samson-ZGjbiukp_-A-unsplash-scaled.jpg"}],"twitter_card":"summary_large_image","twitter_misc":{"Est. reading time":"3 minutes"},"schema":{"@context":"https:\/\/schema.org","@graph":[{"@type":"WebPage","@id":"https:\/\/www.cezarint.pl\/","url":"https:\/\/www.cezarint.pl\/","name":"Home - Cezar International","isPartOf":{"@id":"https:\/\/www.cezarint.pl\/#website"},"primaryImageOfPage":{"@id":"https:\/\/www.cezarint.pl\/#primaryimage"},"image":{"@id":"https:\/\/www.cezarint.pl\/#primaryimage"},"thumbnailUrl":"http:\/\/www.cezarint.pl\/1_nowastrona\/wp-content\/uploads\/2021\/07\/samson-ZGjbiukp_-A-unsplash-scaled.jpg","datePublished":"2020-01-13T11:17:52+00:00","dateModified":"2022-11-02T14:30:18+00:00","breadcrumb":{"@id":"https:\/\/www.cezarint.pl\/#breadcrumb"},"inLanguage":"en-US","potentialAction":[{"@type":"ReadAction","target":["https:\/\/www.cezarint.pl\/"]}]},{"@type":"ImageObject","inLanguage":"en-US","@id":"https:\/\/www.cezarint.pl\/#primaryimage","url":"http:\/\/www.cezarint.pl\/1_nowastrona\/wp-content\/uploads\/2021\/07\/samson-ZGjbiukp_-A-unsplash-scaled.jpg","contentUrl":"http:\/\/www.cezarint.pl\/1_nowastrona\/wp-content\/uploads\/2021\/07\/samson-ZGjbiukp_-A-unsplash-scaled.jpg"},{"@type":"BreadcrumbList","@id":"https:\/\/www.cezarint.pl\/#breadcrumb","itemListElement":[{"@type":"ListItem","position":1,"name":"Strona g\u0142\u00f3wna","item":"https:\/\/www.cezarint.pl\/"},{"@type":"ListItem","position":2,"name":"Home"}]},{"@type":"WebSite","@id":"https:\/\/www.cezarint.pl\/#website","url":"https:\/\/www.cezarint.pl\/","name":"Cezar International","description":"Fabrics, accessories &amp; Optics","publisher":{"@id":"https:\/\/www.cezarint.pl\/#organization"},"potentialAction":[{"@type":"SearchAction","target":{"@type":"EntryPoint","urlTemplate":"https:\/\/www.cezarint.pl\/?s={search_term_string}"},"query-input":{"@type":"PropertyValueSpecification","valueRequired":true,"valueName":"search_term_string"}}],"inLanguage":"en-US"},{"@type":"Organization","@id":"https:\/\/www.cezarint.pl\/#organization","name":"Cezar International","url":"https:\/\/www.cezarint.pl\/","logo":{"@type":"ImageObject","inLanguage":"en-US","@id":"https:\/\/www.cezarint.pl\/#\/schema\/logo\/image\/","url":"https:\/\/www.cezarint.pl\/wp-content\/uploads\/2021\/07\/cezarint_full_logo_type2.png","contentUrl":"https:\/\/www.cezarint.pl\/wp-content\/uploads\/2021\/07\/cezarint_full_logo_type2.png","width":383,"height":244,"caption":"Cezar International"},"image":{"@id":"https:\/\/www.cezarint.pl\/#\/schema\/logo\/image\/"}}]}},"_links":{"self":[{"href":"https:\/\/www.cezarint.pl\/en\/wp-json\/wp\/v2\/pages\/307","targetHints":{"allow":["GET"]}}],"collection":[{"href":"https:\/\/www.cezarint.pl\/en\/wp-json\/wp\/v2\/pages"}],"about":[{"href":"https:\/\/www.cezarint.pl\/en\/wp-json\/wp\/v2\/types\/page"}],"author":[{"embeddable":true,"href":"https:\/\/www.cezarint.pl\/en\/wp-json\/wp\/v2\/users\/1"}],"replies":[{"embeddable":true,"href":"https:\/\/www.cezarint.pl\/en\/wp-json\/wp\/v2\/comments?post=307"}],"version-history":[{"count":19,"href":"https:\/\/www.cezarint.pl\/en\/wp-json\/wp\/v2\/pages\/307\/revisions"}],"predecessor-version":[{"id":1370,"href":"https:\/\/www.cezarint.pl\/en\/wp-json\/wp\/v2\/pages\/307\/revisions\/1370"}],"wp:attachment":[{"href":"https:\/\/www.cezarint.pl\/en\/wp-json\/wp\/v2\/media?parent=307"}],"curies":[{"name":"wp","href":"https:\/\/api.w.org\/{rel}","templated":true}]}}